{"id":256215,"date":"2020-06-25T09:01:58","date_gmt":"2020-06-25T07:01:58","guid":{"rendered":"https:\/\/dev.nobelpharma.ch\/motivation-werte\/"},"modified":"2022-01-19T07:56:52","modified_gmt":"2022-01-19T06:56:52","slug":"entreprise","status":"publish","type":"page","link":"https:\/\/nobelpharma.ch\/fr\/entreprise\/","title":{"rendered":"Entreprise"},"content":{"rendered":"\t\t<div data-elementor-type=\"wp-page\" data-elementor-id=\"256215\" class=\"elementor elementor-256215 elementor-15\" data-elementor-post-type=\"page\">\n\t\t\t\t\t\t<section class=\"elementor-section elementor-top-section elementor-element elementor-element-6995bad elementor-section-boxed elementor-section-height-default elementor-section-height-default\" data-id=\"6995bad\" data-element_type=\"section\" data-e-type=\"section\">\n\t\t\t\t\t\t<div class=\"elementor-container elementor-column-gap-default\">\n\t\t\t\t\t<div class=\"elementor-column elementor-col-100 elementor-top-column elementor-element elementor-element-6f01361\" data-id=\"6f01361\" data-element_type=\"column\" data-e-type=\"column\">\n\t\t\t<div class=\"elementor-widget-wrap elementor-element-populated\">\n\t\t\t\t\t\t<div class=\"elementor-element elementor-element-4a26329 link elementor-widget elementor-widget-heading\" data-id=\"4a26329\" data-element_type=\"widget\" data-e-type=\"widget\" data-widget_type=\"heading.default\">\n\t\t\t\t<div class=\"elementor-widget-container\">\n\t\t\t\t\t<h3 class=\"elementor-heading-title elementor-size-default\">Gr\u00e2ce \u00e0 nos produits, nous souhaitons apporter une pr\u00e9cieuse contribution \u00e0 la s\u00e9curit\u00e9 d\u2019approvisionnement avec des m\u00e9dicaments au b\u00e9n\u00e9fice de toutes les personnes en Suisse. Notre action est empreinte d\u2019int\u00e9grit\u00e9, de transparence et d\u2019\u00e9thique.<\/h3>\t\t\t\t<\/div>\n\t\t\t\t<\/div>\n\t\t\t\t\t<\/div>\n\t\t<\/div>\n\t\t\t\t\t<\/div>\n\t\t<\/section>\n\t\t\t\t<section class=\"elementor-section elementor-top-section elementor-element elementor-element-e42727f elementor-section-boxed elementor-section-height-default elementor-section-height-default\" data-id=\"e42727f\" data-element_type=\"section\" data-e-type=\"section\">\n\t\t\t\t\t\t<div class=\"elementor-container elementor-column-gap-default\">\n\t\t\t\t\t<div class=\"elementor-column elementor-col-33 elementor-top-column elementor-element elementor-element-a7743c2\" data-id=\"a7743c2\" data-element_type=\"column\" data-e-type=\"column\" data-settings=\"{&quot;background_background&quot;:&quot;classic&quot;}\">\n\t\t\t<div class=\"elementor-widget-wrap elementor-element-populated\">\n\t\t\t\t\t\t<div class=\"elementor-element elementor-element-3d6972f elementor-view-framed elementor-shape-circle elementor-widget elementor-widget-icon\" data-id=\"3d6972f\" data-element_type=\"widget\" data-e-type=\"widget\" data-widget_type=\"icon.default\">\n\t\t\t\t<div class=\"elementor-widget-container\">\n\t\t\t\t\t\t\t<div class=\"elementor-icon-wrapper\">\n\t\t\t<div class=\"elementor-icon elementor-animation-shrink\">\n\t\t\t<svg xmlns=\"http:\/\/www.w3.org\/2000\/svg\" xmlns:xlink=\"http:\/\/www.w3.org\/1999\/xlink\" id=\"Capa_1\" x=\"0px\" y=\"0px\" viewBox=\"0 0 512 512\" style=\"enable-background:new 0 0 512 512;\" xml:space=\"preserve\"><style type=\"text\/css\">\t.st0{fill:#68BC9C;}\t.st1{fill:#0095BF;}<\/style><path class=\"st0\" d=\"M453.6,212.2L326.3,84.9l53-53c5.9-5.9,15.4-5.9,21.2,0l107.1,106.1c5.9,5.9,5.9,15.4,0,21.2L453.6,212.2z\"><\/path><path class=\"st1\" d=\"M57.4,244l-53-53c-5.9-5.9-5.9-15.4,0-21.2L114.2,63.7c5.9-5.9,15.4-5.9,21.2,0l53,53L57.4,244z\"><\/path><path class=\"st0\" d=\"M440.2,331.6l0.2-0.2c13.2-13.2,13.2-34.4,0-47.5L282.8,126.2c-8.9-8.9-33.9-19.8-70-17.8  c-22,0.8-30.1,2.6-45.6-12.9l-131,127.3l17.6,17.6c1.6,2,3.5,10,4.4,15.7c4.8,30.4,10.6,39,22.1,53.3c0,0,0,0,0.1,0.1l165.3,165.3  c13.2,13.2,34.5,13.2,47.7,0c13.2-13.2,13.2-34.5,0-47.7c13.2,13.2,34.5,13.2,47.7,0c13.2-13.2,16.9-34.5,3.7-47.7  c13.2,13.2,34.5,13.2,47.7,0c13.2-13.2,13.2-34.5,0-47.7l0.1,0.1C405.8,344.7,427.1,344.7,440.2,331.6z\"><\/path><path class=\"st1\" d=\"M38.9,310.3L38.9,310.3c-13.2-13.2-13.2-34.5,0-47.7L76,225.4c13.2-13.2,34.5-13.2,47.7,0l0,0  c13.2,13.2,13.2,34.5,0,47.7l-37.1,37.1C73.4,323.4,52,323.4,38.9,310.3z\"><\/path><path class=\"st1\" d=\"M86.6,358L86.6,358c-13.2-13.2-13.2-34.5,0-47.7l37.1-37.1c13.2-13.2,34.5-13.2,47.7,0l0,0  c13.2,13.2,13.2,34.5,0,47.7L134.3,358C121.1,371.2,99.8,371.2,86.6,358z\"><\/path><path class=\"st1\" d=\"M134.3,405.7L134.3,405.7c-13.2-13.2-13.2-34.5,0-47.7l37.1-37.1c13.2-13.2,34.5-13.2,47.7,0l0,0  c13.2,13.2,13.2,34.5,0,47.7l-37.1,37.1C168.9,418.9,147.5,418.9,134.3,405.7z\"><\/path><path class=\"st1\" d=\"M182.1,453.5L182.1,453.5c-13.2-13.2-13.2-34.5,0-47.7l37.1-37.1c13.2-13.2,34.5-13.2,47.7,0l0,0  c13.2,13.2,13.2,34.5,0,47.7l-37.1,37.1C216.6,466.6,195.2,466.6,182.1,453.5z\"><\/path><path class=\"st1\" d=\"M463.5,217.1c0.9-6.1,0.8-15.8,2.6-17.6l8.6-8.6l-127-127c-7.1,3.1-18.4,4-30.5,5c-27.1,2.1-62.6,2.8-89.9,30.1  c-17.6,17.6-29.3,29.3-46.9,46.9c-13.2,13.2-13.2,34.5,0,47.7s34.6,13.2,47.7,0l61-61c25,25-8.7-8.7,143.2,143.2  C447,260.4,460,242.8,463.5,217.1z\"><\/path><\/svg>\t\t\t<\/div>\n\t\t<\/div>\n\t\t\t\t\t\t<\/div>\n\t\t\t\t<\/div>\n\t\t\t\t<div class=\"elementor-element elementor-element-e70ca6f elementor-widget elementor-widget-heading\" data-id=\"e70ca6f\" data-element_type=\"widget\" data-e-type=\"widget\" data-widget_type=\"heading.default\">\n\t\t\t\t<div class=\"elementor-widget-container\">\n\t\t\t\t\t<h4 class=\"elementor-heading-title elementor-size-default\">Engagement <\/h4>\t\t\t\t<\/div>\n\t\t\t\t<\/div>\n\t\t\t\t<div class=\"elementor-element elementor-element-5d35830 elementor-widget elementor-widget-text-editor\" data-id=\"5d35830\" data-element_type=\"widget\" data-e-type=\"widget\" data-widget_type=\"text-editor.default\">\n\t\t\t\t<div class=\"elementor-widget-container\">\n\t\t\t\t\t\t\t\t\t<p>Notre \u00e9quipe est courageuse et rayonne de joie. Elle ne l\u00e9sine jamais sur la qualit\u00e9 et puise son inspiration dans chaque nouvelle journ\u00e9e. Il nous tient \u00e0 c\u0153ur d\u2019unir nos forces pour accomplir des actions concr\u00e8tes.<\/p>\t\t\t\t\t\t\t\t<\/div>\n\t\t\t\t<\/div>\n\t\t\t\t\t<\/div>\n\t\t<\/div>\n\t\t\t\t<div class=\"elementor-column elementor-col-33 elementor-top-column elementor-element elementor-element-8ecae86\" data-id=\"8ecae86\" data-element_type=\"column\" data-e-type=\"column\" data-settings=\"{&quot;background_background&quot;:&quot;classic&quot;}\">\n\t\t\t<div class=\"elementor-widget-wrap elementor-element-populated\">\n\t\t\t\t\t\t<div class=\"elementor-element elementor-element-2cf3dbf elementor-view-framed elementor-shape-circle elementor-widget elementor-widget-icon\" data-id=\"2cf3dbf\" data-element_type=\"widget\" data-e-type=\"widget\" data-widget_type=\"icon.default\">\n\t\t\t\t<div class=\"elementor-widget-container\">\n\t\t\t\t\t\t\t<div class=\"elementor-icon-wrapper\">\n\t\t\t<div class=\"elementor-icon elementor-animation-shrink\">\n\t\t\t<svg xmlns=\"http:\/\/www.w3.org\/2000\/svg\" xmlns:xlink=\"http:\/\/www.w3.org\/1999\/xlink\" id=\"Capa_1\" x=\"0px\" y=\"0px\" viewBox=\"0 0 512 512\" style=\"enable-background:new 0 0 512 512;\" xml:space=\"preserve\"><style type=\"text\/css\">\t.st0{fill:#68BC9C;}\t.st1{fill:#96CEB5;}\t.st2{fill:#62AFC3;}\t.st3{fill:#0095BF;}<\/style><path class=\"st0\" d=\"M327.5,401c-5.7,6-15.3,6-21,0L256,351.8L205.5,401c-5.7,6-15.3,6-21,0c-6-5.7-6-15.3,0-21l56.5-55.8v-53.7  c0-8.4,6.6-15,15-15s16,6.6,16,15v53.7l55.5,55.8C333.5,385.7,333.5,395.3,327.5,401z\"><\/path><path class=\"st1\" d=\"M256,105.5c-49.5,0-91,40.5-91,90v15c0,8.4,6.6,15,15,15h152c8.4,0,15-6.6,15-15v-15  C347,146,305.5,105.5,256,105.5z\"><\/path><path class=\"st0\" d=\"M347,195.5v15c0,8.4-6.6,15-15,15h-76v-120C305.5,105.5,347,146,347,195.5z\"><\/path><path class=\"st2\" d=\"M256,15.5c-33,0-61,27-61,60s28,60,61,60s61-27,61-60S289,15.5,256,15.5z\"><\/path><path class=\"st3\" d=\"M317,75.5c0,33-28,60-61,60v-120C289,15.5,317,42.5,317,75.5z\"><\/path><path class=\"st1\" d=\"M90,375.5c-49.5,0-90,41.5-90,91v15c0,8.4,6.6,15,15,15h150c8.4,0,15-6.6,15-15v-15  C180,417,139.5,375.5,90,375.5z\"><\/path><path class=\"st0\" d=\"M180,466.5v15c0,8.4-6.6,15-15,15H90v-121C139.5,375.5,180,417,180,466.5z\"><\/path><path class=\"st2\" d=\"M90,285.5c-33,0-60,27-60,60s27,60,60,60s60-27,60-60S123,285.5,90,285.5z\"><\/path><path class=\"st3\" d=\"M150,345.5c0,33-27,60-60,60v-120C123,285.5,150,312.5,150,345.5z\"><\/path><path class=\"st1\" d=\"M422,375.5c-49.5,0-90,41.5-90,91v15c0,8.4,6.6,15,15,15h150c8.4,0,15-6.6,15-15v-15  C512,417,471.5,375.5,422,375.5z\"><\/path><path class=\"st0\" d=\"M512,466.5v15c0,8.4-6.6,15-15,15h-75v-121C471.5,375.5,512,417,512,466.5z\"><\/path><path class=\"st2\" d=\"M422,285.5c-33,0-60,27-60,60s27,60,60,60s60-27,60-60S455,285.5,422,285.5z\"><\/path><path class=\"st3\" d=\"M482,345.5c0,33-27,60-60,60v-120C455,285.5,482,312.5,482,345.5z\"><\/path><path class=\"st1\" d=\"M327.5,401c-5.7,6-15.3,6-21,0L256,351.8v-96.3c8.4,0,16,6.6,16,15v53.7l55.5,55.8  C333.5,385.7,333.5,395.3,327.5,401z\"><\/path><\/svg>\t\t\t<\/div>\n\t\t<\/div>\n\t\t\t\t\t\t<\/div>\n\t\t\t\t<\/div>\n\t\t\t\t<div class=\"elementor-element elementor-element-ba79f03 elementor-widget elementor-widget-heading\" data-id=\"ba79f03\" data-element_type=\"widget\" data-e-type=\"widget\" data-widget_type=\"heading.default\">\n\t\t\t\t<div class=\"elementor-widget-container\">\n\t\t\t\t\t<h4 class=\"elementor-heading-title elementor-size-default\">Partenariat<\/h4>\t\t\t\t<\/div>\n\t\t\t\t<\/div>\n\t\t\t\t<div class=\"elementor-element elementor-element-9b01bc1 elementor-widget elementor-widget-text-editor\" data-id=\"9b01bc1\" data-element_type=\"widget\" data-e-type=\"widget\" data-widget_type=\"text-editor.default\">\n\t\t\t\t<div class=\"elementor-widget-container\">\n\t\t\t\t\t\t\t\t\t<p>L\u2019humain et ses besoins sont au centre de nos pr\u00e9occupations. Nous discutons sur un pied d\u2019\u00e9galit\u00e9 et dans le respect de toutes les parties. Nous recherchons ensemble les meilleurs produits et prestations possibles \u00e0 des conditions \u00e9quitables.<\/p>\t\t\t\t\t\t\t\t<\/div>\n\t\t\t\t<\/div>\n\t\t\t\t\t<\/div>\n\t\t<\/div>\n\t\t\t\t<div class=\"elementor-column elementor-col-33 elementor-top-column elementor-element elementor-element-9009896\" data-id=\"9009896\" data-element_type=\"column\" data-e-type=\"column\" data-settings=\"{&quot;background_background&quot;:&quot;classic&quot;}\">\n\t\t\t<div class=\"elementor-widget-wrap elementor-element-populated\">\n\t\t\t\t\t\t<div class=\"elementor-element elementor-element-7acfbee elementor-view-framed elementor-shape-circle elementor-widget elementor-widget-icon\" data-id=\"7acfbee\" data-element_type=\"widget\" data-e-type=\"widget\" data-widget_type=\"icon.default\">\n\t\t\t\t<div class=\"elementor-widget-container\">\n\t\t\t\t\t\t\t<div class=\"elementor-icon-wrapper\">\n\t\t\t<div class=\"elementor-icon elementor-animation-shrink\">\n\t\t\t<svg xmlns=\"http:\/\/www.w3.org\/2000\/svg\" xmlns:xlink=\"http:\/\/www.w3.org\/1999\/xlink\" id=\"Capa_1\" x=\"0px\" y=\"0px\" viewBox=\"0 0 512 512\" style=\"enable-background:new 0 0 512 512;\" xml:space=\"preserve\"><style type=\"text\/css\">\t.st0{fill:#0095BF;}\t.st1{fill:#62AFC3;}\t.st2{fill:#787780;}\t.st3{fill:#57555C;}\t.st4{fill:#CAE8F9;}\t.st5{fill:#B7E0F6;}\t.st6{fill:#68BC9C;}\t.st7{fill:#96CEB5;}<\/style><path class=\"st0\" d=\"M498.7,498.7c-17.7,17.7-45.9,17.7-63.6,0L314.4,378c-6-6-6-15.3,0-21.3l21.3-21l21-21.3c6-6,15.3-6,21.3,0  l120.7,120.7C516.4,452.8,516.4,481,498.7,498.7z\"><\/path><path class=\"st1\" d=\"M498.7,498.7c-17.7,17.7-45.9,17.7-63.6,0L314.4,378c-6-6-6-15.3,0-21.3l21.3-21L498.7,498.7z\"><\/path><path class=\"st2\" d=\"M358.5,61.5c-82.2-82.2-214.8-81.9-297,0c-82.2,82.2-81.9,214.8,0,297c82.2,82.2,214.8,81.9,297,0  C440.7,276.3,440.4,143.7,358.5,61.5z\"><\/path><path class=\"st3\" d=\"M358.5,358.5c-82.2,81.9-214.8,82.2-297,0c-81.9-82.2-82.2-214.8,0-297L358.5,358.5z\"><\/path><path class=\"st4\" d=\"M360,210c0,41.4-16.8,78.9-43.8,106.2c-5.1,4.8-10.5,9-16.2,13.2H120C83.7,301.8,60,258.9,60,210  c0-41.4,16.8-78.9,43.8-106.2C131.1,76.8,168.6,60,210,60C292.8,60,360,127.2,360,210z\"><\/path><path class=\"st5\" d=\"M316.2,316.2c-5.1,4.8-10.5,9-16.2,13.2H120C83.7,301.8,60,258.9,60,210c0-41.4,16.8-78.9,43.8-106.2  L316.2,316.2z\"><\/path><path class=\"st6\" d=\"M300,315v14.4c-25.2,18.9-56.1,30.6-90,30.6s-64.8-11.7-90-30.6V315c0-49.8,40.2-90,90-90  c5.7,0,11.1,0.6,16.5,1.5c36.6,6.6,65.4,35.4,72,72C299.4,303.9,300,309.3,300,315z\"><\/path><path class=\"st7\" d=\"M210,135c-20.4,0-38.4,10.2-49.2,25.8c-6.9,9.9-10.8,21.6-10.8,34.2c0,33,27,60,60,60  c12.6,0,24.3-3.9,34.2-10.8c15.6-10.8,25.8-28.8,25.8-49.2C270,162,243,135,210,135z\"><\/path><\/svg>\t\t\t<\/div>\n\t\t<\/div>\n\t\t\t\t\t\t<\/div>\n\t\t\t\t<\/div>\n\t\t\t\t<div class=\"elementor-element elementor-element-11b851f elementor-widget elementor-widget-heading\" data-id=\"11b851f\" data-element_type=\"widget\" data-e-type=\"widget\" data-widget_type=\"heading.default\">\n\t\t\t\t<div class=\"elementor-widget-container\">\n\t\t\t\t\t<h4 class=\"elementor-heading-title elementor-size-default\">Transparence<\/h4>\t\t\t\t<\/div>\n\t\t\t\t<\/div>\n\t\t\t\t<div class=\"elementor-element elementor-element-e75ee71 elementor-widget elementor-widget-text-editor\" data-id=\"e75ee71\" data-element_type=\"widget\" data-e-type=\"widget\" data-widget_type=\"text-editor.default\">\n\t\t\t\t<div class=\"elementor-widget-container\">\n\t\t\t\t\t\t\t\t\t<p>La transparence caract\u00e9rise notre quotidien. Nous recherchons activement le dialogue : notre client\u00e8le, nos patientes et patients et nos collaboratrices et collaborateurs sont toujours inform\u00e9s de mani\u00e8re franche et honn\u00eate. Ensemble, nous \u00e9laborons ainsi des processus clairs.<\/p>\t\t\t\t\t\t\t\t<\/div>\n\t\t\t\t<\/div>\n\t\t\t\t\t<\/div>\n\t\t<\/div>\n\t\t\t\t\t<\/div>\n\t\t<\/section>\n\t\t\t\t<\/div>\n\t\t","protected":false},"excerpt":{"rendered":"<p>Gr\u00e2ce \u00e0 nos produits, nous souhaitons apporter une pr\u00e9cieuse contribution \u00e0 la s\u00e9curit\u00e9 d\u2019approvisionnement avec des m\u00e9dicaments au b\u00e9n\u00e9fice de toutes les personnes en Suisse. Notre action est empreinte d\u2019int\u00e9grit\u00e9, de transparence et d\u2019\u00e9thique. Engagement Notre \u00e9quipe est courageuse et rayonne de joie. Elle ne l\u00e9sine jamais sur la qualit\u00e9 et puise son inspiration dans [&hellip;]<\/p>\n","protected":false},"author":1,"featured_media":0,"parent":0,"menu_order":2,"comment_status":"closed","ping_status":"closed","template":"","meta":{"footnotes":""},"class_list":["post-256215","page","type-page","status-publish","hentry"],"yoast_head":"<!-- This site is optimized with the Yoast SEO plugin v27.4 - https:\/\/yoast.com\/product\/yoast-seo-wordpress\/ -->\n<title>NOBEL Pharma Schweiz AG | Entreprise<\/title>\n<meta name=\"robots\" content=\"index, follow, max-snippet:-1, max-image-preview:large, max-video-preview:-1\" \/>\n<link rel=\"canonical\" href=\"https:\/\/nobelpharma.ch\/fr\/entreprise\/\" \/>\n<meta property=\"og:locale\" content=\"fr_FR\" \/>\n<meta property=\"og:type\" content=\"article\" \/>\n<meta property=\"og:title\" content=\"NOBEL Pharma Schweiz AG | Entreprise\" \/>\n<meta property=\"og:description\" content=\"Gr\u00e2ce \u00e0 nos produits, nous souhaitons apporter une pr\u00e9cieuse contribution \u00e0 la s\u00e9curit\u00e9 d\u2019approvisionnement avec des m\u00e9dicaments au b\u00e9n\u00e9fice de toutes les personnes en Suisse. Notre action est empreinte d\u2019int\u00e9grit\u00e9, de transparence et d\u2019\u00e9thique. Engagement Notre \u00e9quipe est courageuse et rayonne de joie. Elle ne l\u00e9sine jamais sur la qualit\u00e9 et puise son inspiration dans [&hellip;]\" \/>\n<meta property=\"og:url\" content=\"https:\/\/nobelpharma.ch\/fr\/entreprise\/\" \/>\n<meta property=\"og:site_name\" content=\"NOBEL Pharma Schweiz AG\" \/>\n<meta property=\"article:publisher\" content=\"https:\/\/www.facebook.com\/NOBEL-Pharma-Schweiz-AG-113326043777343\/\" \/>\n<meta property=\"article:modified_time\" content=\"2022-01-19T06:56:52+00:00\" \/>\n<meta property=\"og:image\" content=\"https:\/\/nobelpharma.ch\/wp-content\/uploads\/2020\/07\/nerven.png\" \/>\n\t<meta property=\"og:image:width\" content=\"800\" \/>\n\t<meta property=\"og:image:height\" content=\"600\" \/>\n\t<meta property=\"og:image:type\" content=\"image\/png\" \/>\n<meta name=\"twitter:card\" content=\"summary_large_image\" \/>\n<meta name=\"twitter:label1\" content=\"Dur\u00e9e de lecture estim\u00e9e\" \/>\n\t<meta name=\"twitter:data1\" content=\"1 minute\" \/>\n<script type=\"application\/ld+json\" class=\"yoast-schema-graph\">{\"@context\":\"https:\\\/\\\/schema.org\",\"@graph\":[{\"@type\":\"WebPage\",\"@id\":\"https:\\\/\\\/nobelpharma.ch\\\/fr\\\/entreprise\\\/\",\"url\":\"https:\\\/\\\/nobelpharma.ch\\\/fr\\\/entreprise\\\/\",\"name\":\"NOBEL Pharma Schweiz AG | Entreprise\",\"isPartOf\":{\"@id\":\"https:\\\/\\\/nobelpharma.ch\\\/#website\"},\"datePublished\":\"2020-06-25T07:01:58+00:00\",\"dateModified\":\"2022-01-19T06:56:52+00:00\",\"breadcrumb\":{\"@id\":\"https:\\\/\\\/nobelpharma.ch\\\/fr\\\/entreprise\\\/#breadcrumb\"},\"inLanguage\":\"fr-FR\",\"potentialAction\":[{\"@type\":\"ReadAction\",\"target\":[\"https:\\\/\\\/nobelpharma.ch\\\/fr\\\/entreprise\\\/\"]}]},{\"@type\":\"BreadcrumbList\",\"@id\":\"https:\\\/\\\/nobelpharma.ch\\\/fr\\\/entreprise\\\/#breadcrumb\",\"itemListElement\":[{\"@type\":\"ListItem\",\"position\":1,\"name\":\"Home\",\"item\":\"https:\\\/\\\/nobelpharma.ch\\\/fr\\\/\"},{\"@type\":\"ListItem\",\"position\":2,\"name\":\"Entreprise\"}]},{\"@type\":\"WebSite\",\"@id\":\"https:\\\/\\\/nobelpharma.ch\\\/#website\",\"url\":\"https:\\\/\\\/nobelpharma.ch\\\/\",\"name\":\"NOBEL Pharma Schweiz AG\",\"description\":\"Dem Namen verpflichtet.\",\"publisher\":{\"@id\":\"https:\\\/\\\/nobelpharma.ch\\\/#organization\"},\"potentialAction\":[{\"@type\":\"SearchAction\",\"target\":{\"@type\":\"EntryPoint\",\"urlTemplate\":\"https:\\\/\\\/nobelpharma.ch\\\/?s={search_term_string}\"},\"query-input\":{\"@type\":\"PropertyValueSpecification\",\"valueRequired\":true,\"valueName\":\"search_term_string\"}}],\"inLanguage\":\"fr-FR\"},{\"@type\":\"Organization\",\"@id\":\"https:\\\/\\\/nobelpharma.ch\\\/#organization\",\"name\":\"NOBEL Pharma Schweiz AG\",\"url\":\"https:\\\/\\\/nobelpharma.ch\\\/\",\"logo\":{\"@type\":\"ImageObject\",\"inLanguage\":\"fr-FR\",\"@id\":\"https:\\\/\\\/nobelpharma.ch\\\/#\\\/schema\\\/logo\\\/image\\\/\",\"url\":\"https:\\\/\\\/nobelpharma.ch\\\/wp-content\\\/uploads\\\/2020\\\/06\\\/Logo-Nobel-Pharma-AG2.svg\",\"contentUrl\":\"https:\\\/\\\/nobelpharma.ch\\\/wp-content\\\/uploads\\\/2020\\\/06\\\/Logo-Nobel-Pharma-AG2.svg\",\"width\":123.2000000000000028421709430404007434844970703125,\"height\":140,\"caption\":\"NOBEL Pharma Schweiz AG\"},\"image\":{\"@id\":\"https:\\\/\\\/nobelpharma.ch\\\/#\\\/schema\\\/logo\\\/image\\\/\"},\"sameAs\":[\"https:\\\/\\\/www.facebook.com\\\/NOBEL-Pharma-Schweiz-AG-113326043777343\\\/\",\"https:\\\/\\\/www.instagram.com\\\/nobelpharmaschweizag\\\/\",\"https:\\\/\\\/www.youtube.com\\\/channel\\\/UCqkCphtCgww0AvmX0njHsUw\\\/?guided_help_flow=5\"]}]}<\/script>\n<!-- \/ Yoast SEO plugin. -->","yoast_head_json":{"title":"NOBEL Pharma Schweiz AG | Entreprise","robots":{"index":"index","follow":"follow","max-snippet":"max-snippet:-1","max-image-preview":"max-image-preview:large","max-video-preview":"max-video-preview:-1"},"canonical":"https:\/\/nobelpharma.ch\/fr\/entreprise\/","og_locale":"fr_FR","og_type":"article","og_title":"NOBEL Pharma Schweiz AG | Entreprise","og_description":"Gr\u00e2ce \u00e0 nos produits, nous souhaitons apporter une pr\u00e9cieuse contribution \u00e0 la s\u00e9curit\u00e9 d\u2019approvisionnement avec des m\u00e9dicaments au b\u00e9n\u00e9fice de toutes les personnes en Suisse. Notre action est empreinte d\u2019int\u00e9grit\u00e9, de transparence et d\u2019\u00e9thique. Engagement Notre \u00e9quipe est courageuse et rayonne de joie. Elle ne l\u00e9sine jamais sur la qualit\u00e9 et puise son inspiration dans [&hellip;]","og_url":"https:\/\/nobelpharma.ch\/fr\/entreprise\/","og_site_name":"NOBEL Pharma Schweiz AG","article_publisher":"https:\/\/www.facebook.com\/NOBEL-Pharma-Schweiz-AG-113326043777343\/","article_modified_time":"2022-01-19T06:56:52+00:00","og_image":[{"width":800,"height":600,"url":"https:\/\/nobelpharma.ch\/wp-content\/uploads\/2020\/07\/nerven.png","type":"image\/png"}],"twitter_card":"summary_large_image","twitter_misc":{"Dur\u00e9e de lecture estim\u00e9e":"1 minute"},"schema":{"@context":"https:\/\/schema.org","@graph":[{"@type":"WebPage","@id":"https:\/\/nobelpharma.ch\/fr\/entreprise\/","url":"https:\/\/nobelpharma.ch\/fr\/entreprise\/","name":"NOBEL Pharma Schweiz AG | Entreprise","isPartOf":{"@id":"https:\/\/nobelpharma.ch\/#website"},"datePublished":"2020-06-25T07:01:58+00:00","dateModified":"2022-01-19T06:56:52+00:00","breadcrumb":{"@id":"https:\/\/nobelpharma.ch\/fr\/entreprise\/#breadcrumb"},"inLanguage":"fr-FR","potentialAction":[{"@type":"ReadAction","target":["https:\/\/nobelpharma.ch\/fr\/entreprise\/"]}]},{"@type":"BreadcrumbList","@id":"https:\/\/nobelpharma.ch\/fr\/entreprise\/#breadcrumb","itemListElement":[{"@type":"ListItem","position":1,"name":"Home","item":"https:\/\/nobelpharma.ch\/fr\/"},{"@type":"ListItem","position":2,"name":"Entreprise"}]},{"@type":"WebSite","@id":"https:\/\/nobelpharma.ch\/#website","url":"https:\/\/nobelpharma.ch\/","name":"NOBEL Pharma Schweiz AG","description":"Dem Namen verpflichtet.","publisher":{"@id":"https:\/\/nobelpharma.ch\/#organization"},"potentialAction":[{"@type":"SearchAction","target":{"@type":"EntryPoint","urlTemplate":"https:\/\/nobelpharma.ch\/?s={search_term_string}"},"query-input":{"@type":"PropertyValueSpecification","valueRequired":true,"valueName":"search_term_string"}}],"inLanguage":"fr-FR"},{"@type":"Organization","@id":"https:\/\/nobelpharma.ch\/#organization","name":"NOBEL Pharma Schweiz AG","url":"https:\/\/nobelpharma.ch\/","logo":{"@type":"ImageObject","inLanguage":"fr-FR","@id":"https:\/\/nobelpharma.ch\/#\/schema\/logo\/image\/","url":"https:\/\/nobelpharma.ch\/wp-content\/uploads\/2020\/06\/Logo-Nobel-Pharma-AG2.svg","contentUrl":"https:\/\/nobelpharma.ch\/wp-content\/uploads\/2020\/06\/Logo-Nobel-Pharma-AG2.svg","width":123.2000000000000028421709430404007434844970703125,"height":140,"caption":"NOBEL Pharma Schweiz AG"},"image":{"@id":"https:\/\/nobelpharma.ch\/#\/schema\/logo\/image\/"},"sameAs":["https:\/\/www.facebook.com\/NOBEL-Pharma-Schweiz-AG-113326043777343\/","https:\/\/www.instagram.com\/nobelpharmaschweizag\/","https:\/\/www.youtube.com\/channel\/UCqkCphtCgww0AvmX0njHsUw\/?guided_help_flow=5"]}]}},"_links":{"self":[{"href":"https:\/\/nobelpharma.ch\/fr\/wp-json\/wp\/v2\/pages\/256215","targetHints":{"allow":["GET"]}}],"collection":[{"href":"https:\/\/nobelpharma.ch\/fr\/wp-json\/wp\/v2\/pages"}],"about":[{"href":"https:\/\/nobelpharma.ch\/fr\/wp-json\/wp\/v2\/types\/page"}],"author":[{"embeddable":true,"href":"https:\/\/nobelpharma.ch\/fr\/wp-json\/wp\/v2\/users\/1"}],"replies":[{"embeddable":true,"href":"https:\/\/nobelpharma.ch\/fr\/wp-json\/wp\/v2\/comments?post=256215"}],"version-history":[{"count":0,"href":"https:\/\/nobelpharma.ch\/fr\/wp-json\/wp\/v2\/pages\/256215\/revisions"}],"wp:attachment":[{"href":"https:\/\/nobelpharma.ch\/fr\/wp-json\/wp\/v2\/media?parent=256215"}],"curies":[{"name":"wp","href":"https:\/\/api.w.org\/{rel}","templated":true}]}}