{"id":256233,"date":"2020-06-25T09:02:17","date_gmt":"2020-06-25T07:02:17","guid":{"rendered":"https:\/\/dev.nobelpharma.ch\/kontakt\/"},"modified":"2023-04-05T12:17:58","modified_gmt":"2023-04-05T10:17:58","slug":"contact","status":"publish","type":"page","link":"https:\/\/nobelpharma.ch\/fr\/contact\/","title":{"rendered":"Contact"},"content":{"rendered":"\t\t<div data-elementor-type=\"wp-page\" data-elementor-id=\"256233\" class=\"elementor elementor-256233 elementor-21\" data-elementor-post-type=\"page\">\n\t\t\t\t\t\t<section class=\"elementor-section elementor-top-section elementor-element elementor-element-101050a elementor-section-boxed elementor-section-height-default elementor-section-height-default\" data-id=\"101050a\" data-element_type=\"section\" data-e-type=\"section\">\n\t\t\t\t\t\t<div class=\"elementor-container elementor-column-gap-default\">\n\t\t\t\t\t<div class=\"elementor-column elementor-col-100 elementor-top-column elementor-element elementor-element-740c5f2\" data-id=\"740c5f2\" data-element_type=\"column\" data-e-type=\"column\" data-settings=\"{&quot;background_background&quot;:&quot;classic&quot;}\">\n\t\t\t<div class=\"elementor-widget-wrap elementor-element-populated\">\n\t\t\t\t\t<div class=\"elementor-background-overlay\"><\/div>\n\t\t\t\t\t\t<div class=\"elementor-element elementor-element-cf3c455 elementor-widget elementor-widget-jet-listing-dynamic-field\" data-id=\"cf3c455\" data-element_type=\"widget\" data-e-type=\"widget\" data-widget_type=\"jet-listing-dynamic-field.default\">\n\t\t\t\t<div class=\"elementor-widget-container\">\n\t\t\t\t\t<div class=\"jet-listing jet-listing-dynamic-field display-inline\"><div class=\"jet-listing-dynamic-field__inline-wrap\"><div class=\"jet-listing-dynamic-field__content\" >Vous avez une question ?<\/div><\/div><\/div>\t\t\t\t<\/div>\n\t\t\t\t<\/div>\n\t\t\t\t<div class=\"elementor-element elementor-element-fe8ad88 link elementor-widget elementor-widget-heading\" data-id=\"fe8ad88\" data-element_type=\"widget\" data-e-type=\"widget\" data-widget_type=\"heading.default\">\n\t\t\t\t<div class=\"elementor-widget-container\">\n\t\t\t\t\t<h1 class=\"elementor-heading-title elementor-size-default\">Contactez-nous<\/h1>\t\t\t\t<\/div>\n\t\t\t\t<\/div>\n\t\t\t\t<div class=\"elementor-element elementor-element-d54537c elementor-widget elementor-widget-heading\" data-id=\"d54537c\" data-element_type=\"widget\" data-e-type=\"widget\" data-widget_type=\"heading.default\">\n\t\t\t\t<div class=\"elementor-widget-container\">\n\t\t\t\t\t<h5 class=\"elementor-heading-title elementor-size-default\">Pour contacter NOBEL Pharma Schweiz AG<\/h5>\t\t\t\t<\/div>\n\t\t\t\t<\/div>\n\t\t\t\t\t<\/div>\n\t\t<\/div>\n\t\t\t\t\t<\/div>\n\t\t<\/section>\n\t\t\t\t<section class=\"elementor-section elementor-top-section elementor-element elementor-element-69d424e elementor-section-boxed elementor-section-height-default elementor-section-height-default\" data-id=\"69d424e\" data-element_type=\"section\" data-e-type=\"section\">\n\t\t\t\t\t\t<div class=\"elementor-container elementor-column-gap-default\">\n\t\t\t\t\t<div class=\"elementor-column elementor-col-50 elementor-top-column elementor-element elementor-element-0f25455\" data-id=\"0f25455\" data-element_type=\"column\" data-e-type=\"column\" data-settings=\"{&quot;background_background&quot;:&quot;classic&quot;}\">\n\t\t\t<div class=\"elementor-widget-wrap elementor-element-populated\">\n\t\t\t\t\t\t<div class=\"elementor-element elementor-element-df1de57 elementor-widget elementor-widget-text-editor\" data-id=\"df1de57\" data-element_type=\"widget\" data-e-type=\"widget\" data-widget_type=\"text-editor.default\">\n\t\t\t\t<div class=\"elementor-widget-container\">\n\t\t\t\t\t\t\t\t\t<h4>NOBEL Pharma Schweiz AG<\/h4><p>Buonaserstrasse 30<br \/>6343 Rotkreuz<br \/><a href=\"tel:+41 41 531 25 25\">+41 41 531 25 25<\/a><br \/><a href=\"mailto:info@nobelpharma.ch\">info@nobelpharma.ch<\/a><\/p><p>MwSt-Nr.: CHE-220.210.033<\/p>\t\t\t\t\t\t\t\t<\/div>\n\t\t\t\t<\/div>\n\t\t\t\t<div class=\"elementor-element elementor-element-a973e6f elementor-widget-divider--view-line elementor-widget elementor-widget-divider\" data-id=\"a973e6f\" data-element_type=\"widget\" data-e-type=\"widget\" data-widget_type=\"divider.default\">\n\t\t\t\t<div class=\"elementor-widget-container\">\n\t\t\t\t\t\t\t<div class=\"elementor-divider\">\n\t\t\t<span class=\"elementor-divider-separator\">\n\t\t\t\t\t\t<\/span>\n\t\t<\/div>\n\t\t\t\t\t\t<\/div>\n\t\t\t\t<\/div>\n\t\t\t\t<div class=\"elementor-element elementor-element-768fba0 elementor-widget elementor-widget-text-editor\" data-id=\"768fba0\" data-element_type=\"widget\" data-e-type=\"widget\" data-widget_type=\"text-editor.default\">\n\t\t\t\t<div class=\"elementor-widget-container\">\n\t\t\t\t\t\t\t\t\t<h4>Heures d\u2019ouverture<\/h4><p>Lundi au vendredi <br \/>8 h \u00e0 12 h <br \/>13 h \u00e0 17 h<\/p>\t\t\t\t\t\t\t\t<\/div>\n\t\t\t\t<\/div>\n\t\t\t\t\t<\/div>\n\t\t<\/div>\n\t\t\t\t<div class=\"elementor-column elementor-col-50 elementor-top-column elementor-element elementor-element-da952c0\" data-id=\"da952c0\" data-element_type=\"column\" data-e-type=\"column\" data-settings=\"{&quot;background_background&quot;:&quot;classic&quot;}\">\n\t\t\t<div class=\"elementor-widget-wrap elementor-element-populated\">\n\t\t\t\t\t\t<div class=\"elementor-element elementor-element-ada8340 elementor-button-align-stretch elementor-widget elementor-widget-form\" data-id=\"ada8340\" data-element_type=\"widget\" data-e-type=\"widget\" data-settings=\"{&quot;step_next_label&quot;:&quot;Continuer&quot;,&quot;step_previous_label&quot;:&quot;Retour&quot;,&quot;step_type&quot;:&quot;number&quot;,&quot;button_width&quot;:&quot;100&quot;,&quot;step_icon_shape&quot;:&quot;circle&quot;}\" data-widget_type=\"form.default\">\n\t\t\t\t<div class=\"elementor-widget-container\">\n\t\t\t\t\t\t\t<form class=\"elementor-form\" method=\"post\" name=\"Kontaktformular\" aria-label=\"Kontaktformular\">\n\t\t\t<input type=\"hidden\" name=\"post_id\" value=\"256233\"\/>\n\t\t\t<input type=\"hidden\" name=\"form_id\" value=\"ada8340\"\/>\n\t\t\t<input type=\"hidden\" name=\"referer_title\" value=\"NOBEL Pharma Schweiz AG | Contact\" \/>\n\n\t\t\t\t\t\t\t<input type=\"hidden\" name=\"queried_id\" value=\"256233\"\/>\n\t\t\t\n\t\t\t<div class=\"elementor-form-fields-wrapper elementor-labels-\">\n\t\t\t\t\t\t\t\t<div class=\"elementor-field-type-step elementor-field-group elementor-column elementor-field-group-field_a8094d7 elementor-col-100\">\n\t\t\t\t\t\t\t<div class=\"e-field-step elementor-hidden\" data-label=\"\" data-previousButton=\"Zur\u00fcck\" data-nextButton=\"continuer\" data-iconUrl=\"\" data-iconLibrary=\"fas fa-star\" data-icon=\"\" ><\/div>\n\n\t\t\t\t\t\t<\/div>\n\t\t\t\t\t\t\t\t<div class=\"elementor-field-type-html elementor-field-group elementor-column elementor-field-group-field_35fc485 elementor-col-100\">\n\t\t\t\t\t<h4>Saisissez vos coordonn\u00e9es<\/h4>\t\t\t\t<\/div>\n\t\t\t\t\t\t\t\t<div class=\"elementor-field-type-text elementor-field-group elementor-column elementor-field-group-name elementor-col-100\">\n\t\t\t\t\t\t\t\t\t\t\t\t<label for=\"form-field-name\" class=\"elementor-field-label elementor-screen-only\">\n\t\t\t\t\t\t\t\tPr\u00e9nom\t\t\t\t\t\t\t<\/label>\n\t\t\t\t\t\t\t\t\t\t\t\t\t\t<input size=\"1\" type=\"text\" name=\"form_fields[name]\" id=\"form-field-name\" class=\"elementor-field elementor-size-lg  elementor-field-textual\" placeholder=\"Pr\u00e9nom\">\n\t\t\t\t\t\t\t\t\t\t\t<\/div>\n\t\t\t\t\t\t\t\t<div class=\"elementor-field-type-text elementor-field-group elementor-column elementor-field-group-field_444da20 elementor-col-100\">\n\t\t\t\t\t\t\t\t\t\t\t\t<label for=\"form-field-field_444da20\" class=\"elementor-field-label elementor-screen-only\">\n\t\t\t\t\t\t\t\tNom\t\t\t\t\t\t\t<\/label>\n\t\t\t\t\t\t\t\t\t\t\t\t\t\t<input size=\"1\" type=\"text\" name=\"form_fields[field_444da20]\" id=\"form-field-field_444da20\" class=\"elementor-field elementor-size-lg  elementor-field-textual\" placeholder=\"Nom\">\n\t\t\t\t\t\t\t\t\t\t\t<\/div>\n\t\t\t\t\t\t\t\t<div class=\"elementor-field-type-email elementor-field-group elementor-column elementor-field-group-email elementor-col-100\">\n\t\t\t\t\t\t\t\t\t\t\t\t<label for=\"form-field-email\" class=\"elementor-field-label elementor-screen-only\">\n\t\t\t\t\t\t\t\tE-mail\t\t\t\t\t\t\t<\/label>\n\t\t\t\t\t\t\t\t\t\t\t\t\t\t<input size=\"1\" type=\"email\" name=\"form_fields[email]\" id=\"form-field-email\" class=\"elementor-field elementor-size-lg  elementor-field-textual\" placeholder=\"E-mail\">\n\t\t\t\t\t\t\t\t\t\t\t<\/div>\n\t\t\t\t\t\t\t\t<div class=\"elementor-field-type-tel elementor-field-group elementor-column elementor-field-group-field_cac2b03 elementor-col-100\">\n\t\t\t\t\t\t\t\t\t\t\t\t<label for=\"form-field-field_cac2b03\" class=\"elementor-field-label elementor-screen-only\">\n\t\t\t\t\t\t\t\tT\u00e9l\u00e9phone ou portable\t\t\t\t\t\t\t<\/label>\n\t\t\t\t\t\t\t\t<input size=\"1\" type=\"tel\" name=\"form_fields[field_cac2b03]\" id=\"form-field-field_cac2b03\" class=\"elementor-field elementor-size-lg  elementor-field-textual\" placeholder=\"T\u00e9l\u00e9phone ou portable\" pattern=\"[0-9()#&amp;+*-=.]+\" title=\"Seuls les caract\u00e8res de num\u00e9ros de t\u00e9l\u00e9phone (#, -, *, etc.) sont accept\u00e9s.\">\n\n\t\t\t\t\t\t<\/div>\n\t\t\t\t\t\t\t\t<div class=\"elementor-field-type-step elementor-field-group elementor-column elementor-field-group-field_48fc2bb elementor-col-100\">\n\t\t\t\t\t\t\t<div class=\"e-field-step elementor-hidden\" data-label=\"\" data-previousButton=\"retour\" data-nextButton=\"continuer\" data-iconUrl=\"\" data-iconLibrary=\"fas fa-star\" data-icon=\"\" ><\/div>\n\n\t\t\t\t\t\t<\/div>\n\t\t\t\t\t\t\t\t<div class=\"elementor-field-type-html elementor-field-group elementor-column elementor-field-group-field_c68c941 elementor-col-100\">\n\t\t\t\t\t<h4>Quel est l'objet exact de votre demande ?<\/h4>\t\t\t\t<\/div>\n\t\t\t\t\t\t\t\t<div class=\"elementor-field-type-select elementor-field-group elementor-column elementor-field-group-field_8ca831f elementor-col-100\">\n\t\t\t\t\t\t\t\t\t\t\t\t<label for=\"form-field-field_8ca831f\" class=\"elementor-field-label elementor-screen-only\">\n\t\t\t\t\t\t\t\tChoisir un th\u00e8me\t\t\t\t\t\t\t<\/label>\n\t\t\t\t\t\t\t\t<div class=\"elementor-field elementor-select-wrapper remove-before \">\n\t\t\t<div class=\"select-caret-down-wrapper\">\n\t\t\t\t<i aria-hidden=\"true\" class=\"eicon-caret-down\"><\/i>\t\t\t<\/div>\n\t\t\t<select name=\"form_fields[field_8ca831f]\" id=\"form-field-field_8ca831f\" class=\"elementor-field-textual elementor-size-lg\">\n\t\t\t\t\t\t\t\t\t<option value=\"Veuillez s\u00e9lectionner\">Veuillez s\u00e9lectionner<\/option>\n\t\t\t\t\t\t\t\t\t<option value=\"Demande g\u00e9n\u00e9rale\">Demande g\u00e9n\u00e9rale<\/option>\n\t\t\t\t\t\t\t\t\t<option value=\"Vente et conseil\">Vente et conseil<\/option>\n\t\t\t\t\t\t\t\t\t<option value=\"Gestion de la qualit\u00e9\">Gestion de la qualit\u00e9<\/option>\n\t\t\t\t\t\t\t\t\t<option value=\"D\u00e9claration de vigilance\">D\u00e9claration de vigilance<\/option>\n\t\t\t\t\t\t\t<\/select>\n\t\t<\/div>\n\t\t\t\t\t\t<\/div>\n\t\t\t\t\t\t\t\t<div class=\"elementor-field-type-step elementor-field-group elementor-column elementor-field-group-field_595cb84 elementor-col-100\">\n\t\t\t\t\t\t\t<div class=\"e-field-step elementor-hidden\" data-label=\"\" data-previousButton=\"retour\" data-nextButton=\"continuer\" data-iconUrl=\"\" data-iconLibrary=\"fas fa-star\" data-icon=\"\" ><\/div>\n\n\t\t\t\t\t\t<\/div>\n\t\t\t\t\t\t\t\t<div class=\"elementor-field-type-html elementor-field-group elementor-column elementor-field-group-field_f44504d elementor-col-100\">\n\t\t\t\t\t<h4>D\u00e9crivez-nous votre demanden<\/h4>\t\t\t\t<\/div>\n\t\t\t\t\t\t\t\t<div class=\"elementor-field-type-textarea elementor-field-group elementor-column elementor-field-group-message elementor-col-100\">\n\t\t\t\t\t\t\t\t\t\t\t\t<label for=\"form-field-message\" class=\"elementor-field-label elementor-screen-only\">\n\t\t\t\t\t\t\t\tMessage\t\t\t\t\t\t\t<\/label>\n\t\t\t\t\t\t<textarea class=\"elementor-field-textual elementor-field  elementor-size-lg\" name=\"form_fields[message]\" id=\"form-field-message\" rows=\"8\" placeholder=\"Message\"><\/textarea>\t\t\t\t<\/div>\n\t\t\t\t\t\t\t\t<div class=\"elementor-field-type-upload elementor-field-group elementor-column elementor-field-group-field_fb0727a elementor-col-100\">\n\t\t\t\t\t\t\t\t\t\t\t\t<label for=\"form-field-field_fb0727a\" class=\"elementor-field-label elementor-screen-only\">\n\t\t\t\t\t\t\t\tT\u00e9l\u00e9charger le fichier (optional)\t\t\t\t\t\t\t<\/label>\n\t\t\t\t\t\t\t\t<input type=\"file\" name=\"form_fields[field_fb0727a]\" id=\"form-field-field_fb0727a\" class=\"elementor-field elementor-size-lg  elementor-upload-field\" data-maxsize=\"15\" data-maxsize-message=\"Ce fichier d\u00e9passe la taille maximale autoris\u00e9e.\">\n\n\t\t\t\t\t\t<\/div>\n\t\t\t\t\t\t\t\t<div class=\"elementor-field-type-text\">\n\t\t\t\t\t<input size=\"1\" type=\"text\" name=\"form_fields[field_9d57e2e]\" id=\"form-field-field_9d57e2e\" class=\"elementor-field elementor-size-lg \" style=\"display:none !important;\">\t\t\t\t<\/div>\n\t\t\t\t\t\t\t\t<div class=\"elementor-field-type-text\">\n\t\t\t\t\t<input size=\"1\" type=\"text\" name=\"form_fields[field_0659f86]\" id=\"form-field-field_0659f86\" class=\"elementor-field elementor-size-lg \" style=\"display:none !important;\">\t\t\t\t<\/div>\n\t\t\t\t\t\t\t\t<div class=\"elementor-field-type-text\">\n\t\t\t\t\t<input size=\"1\" type=\"text\" name=\"form_fields[field_2d36674]\" id=\"form-field-field_2d36674\" class=\"elementor-field elementor-size-lg \" style=\"display:none !important;\">\t\t\t\t<\/div>\n\t\t\t\t\t\t\t\t<div class=\"elementor-field-group elementor-column elementor-field-type-submit elementor-col-100 e-form__buttons\">\n\t\t\t\t\t<button class=\"elementor-button elementor-size-sm\" type=\"submit\">\n\t\t\t\t\t\t<span class=\"elementor-button-content-wrapper\">\n\t\t\t\t\t\t\t\t\t\t\t\t\t\t\t\t\t\t\t\t\t\t<span class=\"elementor-button-text\">Envoyer la demande maintenant<\/span>\n\t\t\t\t\t\t\t\t\t\t\t\t\t<\/span>\n\t\t\t\t\t<\/button>\n\t\t\t\t<\/div>\n\t\t\t<\/div>\n\t\t<\/form>\n\t\t\t\t\t\t<\/div>\n\t\t\t\t<\/div>\n\t\t\t\t\t<\/div>\n\t\t<\/div>\n\t\t\t\t\t<\/div>\n\t\t<\/section>\n\t\t\t\t<section class=\"elementor-section elementor-top-section elementor-element elementor-element-c05b4d3 elementor-section-boxed elementor-section-height-default elementor-section-height-default\" data-id=\"c05b4d3\" data-element_type=\"section\" data-e-type=\"section\">\n\t\t\t\t\t\t<div class=\"elementor-container elementor-column-gap-default\">\n\t\t\t\t\t<div class=\"elementor-column elementor-col-100 elementor-top-column elementor-element elementor-element-7fb26e9\" data-id=\"7fb26e9\" data-element_type=\"column\" data-e-type=\"column\">\n\t\t\t<div class=\"elementor-widget-wrap elementor-element-populated\">\n\t\t\t\t\t\t<div class=\"elementor-element elementor-element-ad830e2 elementor-widget elementor-widget-google_maps\" data-id=\"ad830e2\" data-element_type=\"widget\" data-e-type=\"widget\" data-widget_type=\"google_maps.default\">\n\t\t\t\t<div class=\"elementor-widget-container\">\n\t\t\t\t\t\t\t<div class=\"elementor-custom-embed\">\n\t\t\t<iframe loading=\"lazy\"\n\t\t\t\t\tsrc=\"https:\/\/maps.google.com\/maps?q=Buonaserstrasse%2030%206343%20Rotkreuz&#038;t=m&#038;z=12&#038;output=embed&#038;iwloc=near\"\n\t\t\t\t\ttitle=\"Buonaserstrasse 30 6343 Rotkreuz\"\n\t\t\t\t\taria-label=\"Buonaserstrasse 30 6343 Rotkreuz\"\n\t\t\t><\/iframe>\n\t\t<\/div>\n\t\t\t\t\t\t<\/div>\n\t\t\t\t<\/div>\n\t\t\t\t\t<\/div>\n\t\t<\/div>\n\t\t\t\t\t<\/div>\n\t\t<\/section>\n\t\t\t\t<\/div>\n\t\t","protected":false},"excerpt":{"rendered":"<p>Vous avez une question ? Contactez-nous Pour contacter NOBEL Pharma Schweiz AG NOBEL Pharma Schweiz AG Buonaserstrasse 306343 Rotkreuz+41 41 531 25 25info@nobelpharma.ch MwSt-Nr.: CHE-220.210.033 Heures d\u2019ouverture Lundi au vendredi 8 h \u00e0 12 h 13 h \u00e0 17 h<\/p>\n","protected":false},"author":1,"featured_media":0,"parent":0,"menu_order":5,"comment_status":"closed","ping_status":"closed","template":"","meta":{"footnotes":""},"class_list":["post-256233","page","type-page","status-publish","hentry"],"yoast_head":"<!-- This site is optimized with the Yoast SEO plugin v27.4 - https:\/\/yoast.com\/product\/yoast-seo-wordpress\/ -->\n<title>NOBEL Pharma Schweiz AG | Contact<\/title>\n<meta name=\"robots\" content=\"index, follow, max-snippet:-1, max-image-preview:large, max-video-preview:-1\" \/>\n<link rel=\"canonical\" href=\"https:\/\/nobelpharma.ch\/kontakt\/\" \/>\n<meta property=\"og:locale\" content=\"fr_FR\" \/>\n<meta property=\"og:type\" content=\"article\" \/>\n<meta property=\"og:title\" content=\"NOBEL Pharma Schweiz AG | Contact\" \/>\n<meta property=\"og:description\" content=\"Vous avez une question ? Contactez-nous Pour contacter NOBEL Pharma Schweiz AG NOBEL Pharma Schweiz AG Buonaserstrasse 306343 Rotkreuz+41 41 531 25 25info@nobelpharma.ch MwSt-Nr.: CHE-220.210.033 Heures d\u2019ouverture Lundi au vendredi 8 h \u00e0 12 h 13 h \u00e0 17 h\" \/>\n<meta property=\"og:url\" content=\"https:\/\/nobelpharma.ch\/kontakt\/\" \/>\n<meta property=\"og:site_name\" content=\"NOBEL Pharma Schweiz AG\" \/>\n<meta property=\"article:publisher\" content=\"https:\/\/www.facebook.com\/NOBEL-Pharma-Schweiz-AG-113326043777343\/\" \/>\n<meta property=\"article:modified_time\" content=\"2023-04-05T10:17:58+00:00\" \/>\n<meta property=\"og:image\" content=\"https:\/\/nobelpharma.ch\/wp-content\/uploads\/2020\/07\/nerven.png\" \/>\n\t<meta property=\"og:image:width\" content=\"800\" \/>\n\t<meta property=\"og:image:height\" content=\"600\" \/>\n\t<meta property=\"og:image:type\" content=\"image\/png\" \/>\n<meta name=\"twitter:card\" content=\"summary_large_image\" \/>\n<meta name=\"twitter:label1\" content=\"Dur\u00e9e de lecture estim\u00e9e\" \/>\n\t<meta name=\"twitter:data1\" content=\"1 minute\" \/>\n<script type=\"application\/ld+json\" class=\"yoast-schema-graph\">{\"@context\":\"https:\\\/\\\/schema.org\",\"@graph\":[{\"@type\":\"WebPage\",\"@id\":\"https:\\\/\\\/nobelpharma.ch\\\/kontakt\\\/\",\"url\":\"https:\\\/\\\/nobelpharma.ch\\\/kontakt\\\/\",\"name\":\"NOBEL Pharma Schweiz AG | Contact\",\"isPartOf\":{\"@id\":\"https:\\\/\\\/nobelpharma.ch\\\/#website\"},\"datePublished\":\"2020-06-25T07:02:17+00:00\",\"dateModified\":\"2023-04-05T10:17:58+00:00\",\"breadcrumb\":{\"@id\":\"https:\\\/\\\/nobelpharma.ch\\\/kontakt\\\/#breadcrumb\"},\"inLanguage\":\"fr-FR\",\"potentialAction\":[{\"@type\":\"ReadAction\",\"target\":[\"https:\\\/\\\/nobelpharma.ch\\\/kontakt\\\/\"]}]},{\"@type\":\"BreadcrumbList\",\"@id\":\"https:\\\/\\\/nobelpharma.ch\\\/kontakt\\\/#breadcrumb\",\"itemListElement\":[{\"@type\":\"ListItem\",\"position\":1,\"name\":\"Home\",\"item\":\"https:\\\/\\\/nobelpharma.ch\\\/fr\\\/\"},{\"@type\":\"ListItem\",\"position\":2,\"name\":\"Contact\"}]},{\"@type\":\"WebSite\",\"@id\":\"https:\\\/\\\/nobelpharma.ch\\\/#website\",\"url\":\"https:\\\/\\\/nobelpharma.ch\\\/\",\"name\":\"NOBEL Pharma Schweiz AG\",\"description\":\"Dem Namen verpflichtet.\",\"publisher\":{\"@id\":\"https:\\\/\\\/nobelpharma.ch\\\/#organization\"},\"potentialAction\":[{\"@type\":\"SearchAction\",\"target\":{\"@type\":\"EntryPoint\",\"urlTemplate\":\"https:\\\/\\\/nobelpharma.ch\\\/?s={search_term_string}\"},\"query-input\":{\"@type\":\"PropertyValueSpecification\",\"valueRequired\":true,\"valueName\":\"search_term_string\"}}],\"inLanguage\":\"fr-FR\"},{\"@type\":\"Organization\",\"@id\":\"https:\\\/\\\/nobelpharma.ch\\\/#organization\",\"name\":\"NOBEL Pharma Schweiz AG\",\"url\":\"https:\\\/\\\/nobelpharma.ch\\\/\",\"logo\":{\"@type\":\"ImageObject\",\"inLanguage\":\"fr-FR\",\"@id\":\"https:\\\/\\\/nobelpharma.ch\\\/#\\\/schema\\\/logo\\\/image\\\/\",\"url\":\"https:\\\/\\\/nobelpharma.ch\\\/wp-content\\\/uploads\\\/2020\\\/06\\\/Logo-Nobel-Pharma-AG2.svg\",\"contentUrl\":\"https:\\\/\\\/nobelpharma.ch\\\/wp-content\\\/uploads\\\/2020\\\/06\\\/Logo-Nobel-Pharma-AG2.svg\",\"width\":123.2000000000000028421709430404007434844970703125,\"height\":140,\"caption\":\"NOBEL Pharma Schweiz AG\"},\"image\":{\"@id\":\"https:\\\/\\\/nobelpharma.ch\\\/#\\\/schema\\\/logo\\\/image\\\/\"},\"sameAs\":[\"https:\\\/\\\/www.facebook.com\\\/NOBEL-Pharma-Schweiz-AG-113326043777343\\\/\",\"https:\\\/\\\/www.instagram.com\\\/nobelpharmaschweizag\\\/\",\"https:\\\/\\\/www.youtube.com\\\/channel\\\/UCqkCphtCgww0AvmX0njHsUw\\\/?guided_help_flow=5\"]}]}<\/script>\n<!-- \/ Yoast SEO plugin. -->","yoast_head_json":{"title":"NOBEL Pharma Schweiz AG | Contact","robots":{"index":"index","follow":"follow","max-snippet":"max-snippet:-1","max-image-preview":"max-image-preview:large","max-video-preview":"max-video-preview:-1"},"canonical":"https:\/\/nobelpharma.ch\/kontakt\/","og_locale":"fr_FR","og_type":"article","og_title":"NOBEL Pharma Schweiz AG | Contact","og_description":"Vous avez une question ? Contactez-nous Pour contacter NOBEL Pharma Schweiz AG NOBEL Pharma Schweiz AG Buonaserstrasse 306343 Rotkreuz+41 41 531 25 25info@nobelpharma.ch MwSt-Nr.: CHE-220.210.033 Heures d\u2019ouverture Lundi au vendredi 8 h \u00e0 12 h 13 h \u00e0 17 h","og_url":"https:\/\/nobelpharma.ch\/kontakt\/","og_site_name":"NOBEL Pharma Schweiz AG","article_publisher":"https:\/\/www.facebook.com\/NOBEL-Pharma-Schweiz-AG-113326043777343\/","article_modified_time":"2023-04-05T10:17:58+00:00","og_image":[{"width":800,"height":600,"url":"https:\/\/nobelpharma.ch\/wp-content\/uploads\/2020\/07\/nerven.png","type":"image\/png"}],"twitter_card":"summary_large_image","twitter_misc":{"Dur\u00e9e de lecture estim\u00e9e":"1 minute"},"schema":{"@context":"https:\/\/schema.org","@graph":[{"@type":"WebPage","@id":"https:\/\/nobelpharma.ch\/kontakt\/","url":"https:\/\/nobelpharma.ch\/kontakt\/","name":"NOBEL Pharma Schweiz AG | Contact","isPartOf":{"@id":"https:\/\/nobelpharma.ch\/#website"},"datePublished":"2020-06-25T07:02:17+00:00","dateModified":"2023-04-05T10:17:58+00:00","breadcrumb":{"@id":"https:\/\/nobelpharma.ch\/kontakt\/#breadcrumb"},"inLanguage":"fr-FR","potentialAction":[{"@type":"ReadAction","target":["https:\/\/nobelpharma.ch\/kontakt\/"]}]},{"@type":"BreadcrumbList","@id":"https:\/\/nobelpharma.ch\/kontakt\/#breadcrumb","itemListElement":[{"@type":"ListItem","position":1,"name":"Home","item":"https:\/\/nobelpharma.ch\/fr\/"},{"@type":"ListItem","position":2,"name":"Contact"}]},{"@type":"WebSite","@id":"https:\/\/nobelpharma.ch\/#website","url":"https:\/\/nobelpharma.ch\/","name":"NOBEL Pharma Schweiz AG","description":"Dem Namen verpflichtet.","publisher":{"@id":"https:\/\/nobelpharma.ch\/#organization"},"potentialAction":[{"@type":"SearchAction","target":{"@type":"EntryPoint","urlTemplate":"https:\/\/nobelpharma.ch\/?s={search_term_string}"},"query-input":{"@type":"PropertyValueSpecification","valueRequired":true,"valueName":"search_term_string"}}],"inLanguage":"fr-FR"},{"@type":"Organization","@id":"https:\/\/nobelpharma.ch\/#organization","name":"NOBEL Pharma Schweiz AG","url":"https:\/\/nobelpharma.ch\/","logo":{"@type":"ImageObject","inLanguage":"fr-FR","@id":"https:\/\/nobelpharma.ch\/#\/schema\/logo\/image\/","url":"https:\/\/nobelpharma.ch\/wp-content\/uploads\/2020\/06\/Logo-Nobel-Pharma-AG2.svg","contentUrl":"https:\/\/nobelpharma.ch\/wp-content\/uploads\/2020\/06\/Logo-Nobel-Pharma-AG2.svg","width":123.2000000000000028421709430404007434844970703125,"height":140,"caption":"NOBEL Pharma Schweiz AG"},"image":{"@id":"https:\/\/nobelpharma.ch\/#\/schema\/logo\/image\/"},"sameAs":["https:\/\/www.facebook.com\/NOBEL-Pharma-Schweiz-AG-113326043777343\/","https:\/\/www.instagram.com\/nobelpharmaschweizag\/","https:\/\/www.youtube.com\/channel\/UCqkCphtCgww0AvmX0njHsUw\/?guided_help_flow=5"]}]}},"_links":{"self":[{"href":"https:\/\/nobelpharma.ch\/fr\/wp-json\/wp\/v2\/pages\/256233","targetHints":{"allow":["GET"]}}],"collection":[{"href":"https:\/\/nobelpharma.ch\/fr\/wp-json\/wp\/v2\/pages"}],"about":[{"href":"https:\/\/nobelpharma.ch\/fr\/wp-json\/wp\/v2\/types\/page"}],"author":[{"embeddable":true,"href":"https:\/\/nobelpharma.ch\/fr\/wp-json\/wp\/v2\/users\/1"}],"replies":[{"embeddable":true,"href":"https:\/\/nobelpharma.ch\/fr\/wp-json\/wp\/v2\/comments?post=256233"}],"version-history":[{"count":3,"href":"https:\/\/nobelpharma.ch\/fr\/wp-json\/wp\/v2\/pages\/256233\/revisions"}],"predecessor-version":[{"id":263536,"href":"https:\/\/nobelpharma.ch\/fr\/wp-json\/wp\/v2\/pages\/256233\/revisions\/263536"}],"wp:attachment":[{"href":"https:\/\/nobelpharma.ch\/fr\/wp-json\/wp\/v2\/media?parent=256233"}],"curies":[{"name":"wp","href":"https:\/\/api.w.org\/{rel}","templated":true}]}}