{"id":256235,"date":"2020-06-25T09:02:04","date_gmt":"2020-06-25T07:02:04","guid":{"rendered":"https:\/\/dev.nobelpharma.ch\/downloads\/"},"modified":"2025-01-22T15:22:12","modified_gmt":"2025-01-22T14:22:12","slug":"telechargements","status":"publish","type":"page","link":"https:\/\/nobelpharma.ch\/fr\/telechargements\/","title":{"rendered":"T\u00e9l\u00e9chargements"},"content":{"rendered":"\t\t<div data-elementor-type=\"wp-page\" data-elementor-id=\"256235\" class=\"elementor elementor-256235 elementor-17\" data-elementor-post-type=\"page\">\n\t\t\t\t\t\t<section class=\"elementor-section elementor-top-section elementor-element elementor-element-9e900fd elementor-section-boxed elementor-section-height-default elementor-section-height-default\" data-id=\"9e900fd\" data-element_type=\"section\" data-e-type=\"section\">\n\t\t\t\t\t\t<div class=\"elementor-container elementor-column-gap-default\">\n\t\t\t\t\t<div class=\"elementor-column elementor-col-100 elementor-top-column elementor-element elementor-element-6c03acf\" data-id=\"6c03acf\" data-element_type=\"column\" data-e-type=\"column\" data-settings=\"{&quot;background_background&quot;:&quot;classic&quot;}\">\n\t\t\t<div class=\"elementor-widget-wrap elementor-element-populated\">\n\t\t\t\t\t\t<div class=\"elementor-element elementor-element-96f5aac elementor-widget elementor-widget-heading\" data-id=\"96f5aac\" data-element_type=\"widget\" data-e-type=\"widget\" data-widget_type=\"heading.default\">\n\t\t\t\t<div class=\"elementor-widget-container\">\n\t\t\t\t\t<h2 class=\"elementor-heading-title elementor-size-default\">T\u00e9l\u00e9chargements<\/h2>\t\t\t\t<\/div>\n\t\t\t\t<\/div>\n\t\t\t\t<div class=\"elementor-element elementor-element-f1f39e6 elementor-align-start elementor-icon-list--layout-traditional elementor-list-item-link-full_width elementor-widget elementor-widget-icon-list\" data-id=\"f1f39e6\" data-element_type=\"widget\" data-e-type=\"widget\" data-widget_type=\"icon-list.default\">\n\t\t\t\t<div class=\"elementor-widget-container\">\n\t\t\t\t\t\t\t<ul class=\"elementor-icon-list-items\">\n\t\t\t\t\t\t\t<li class=\"elementor-icon-list-item\">\n\t\t\t\t\t\t\t\t\t\t\t<a href=\"https:\/\/nobelpharma.ch\/wp-content\/uploads\/2024\/04\/betriebssbewilligung.pdf\">\n\n\t\t\t\t\t\t\t\t\t\t\t\t<span class=\"elementor-icon-list-icon\">\n\t\t\t\t\t\t\t<i aria-hidden=\"true\" class=\"far fa-arrow-alt-circle-down\"><\/i>\t\t\t\t\t\t<\/span>\n\t\t\t\t\t\t\t\t\t\t<span class=\"elementor-icon-list-text\">Swissmedic Betriebsbewilligung<\/span>\n\t\t\t\t\t\t\t\t\t\t\t<\/a>\n\t\t\t\t\t\t\t\t\t<\/li>\n\t\t\t\t\t\t\t\t<li class=\"elementor-icon-list-item\">\n\t\t\t\t\t\t\t\t\t\t\t<a href=\"https:\/\/nobelpharma.ch\/downloadcenter\/AGB_NOBELPharmaSchweizAG.pdf\">\n\n\t\t\t\t\t\t\t\t\t\t\t\t<span class=\"elementor-icon-list-icon\">\n\t\t\t\t\t\t\t<i aria-hidden=\"true\" class=\"far fa-arrow-alt-circle-down\"><\/i>\t\t\t\t\t\t<\/span>\n\t\t\t\t\t\t\t\t\t\t<span class=\"elementor-icon-list-text\">AGB<\/span>\n\t\t\t\t\t\t\t\t\t\t\t<\/a>\n\t\t\t\t\t\t\t\t\t<\/li>\n\t\t\t\t\t\t\t\t<li class=\"elementor-icon-list-item\">\n\t\t\t\t\t\t\t\t\t\t\t<a href=\"https:\/\/nobelpharma.ch\/wp-content\/uploads\/2020\/07\/Logo_NOBEL-Pharma-Schweiz-AG.zip\">\n\n\t\t\t\t\t\t\t\t\t\t\t\t<span class=\"elementor-icon-list-icon\">\n\t\t\t\t\t\t\t<i aria-hidden=\"true\" class=\"far fa-arrow-alt-circle-down\"><\/i>\t\t\t\t\t\t<\/span>\n\t\t\t\t\t\t\t\t\t\t<span class=\"elementor-icon-list-text\">Logo NOBEL Pharma Schweiz AG<\/span>\n\t\t\t\t\t\t\t\t\t\t\t<\/a>\n\t\t\t\t\t\t\t\t\t<\/li>\n\t\t\t\t\t\t<\/ul>\n\t\t\t\t\t\t<\/div>\n\t\t\t\t<\/div>\n\t\t\t\t\t<\/div>\n\t\t<\/div>\n\t\t\t\t\t<\/div>\n\t\t<\/section>\n\t\t\t\t<\/div>\n\t\t","protected":false},"excerpt":{"rendered":"<p>T\u00e9l\u00e9chargements Swissmedic Betriebsbewilligung AGB Logo NOBEL Pharma Schweiz AG<\/p>\n","protected":false},"author":1,"featured_media":0,"parent":0,"menu_order":3,"comment_status":"closed","ping_status":"closed","template":"","meta":{"footnotes":""},"class_list":["post-256235","page","type-page","status-publish","hentry"],"yoast_head":"<!-- This site is optimized with the Yoast SEO plugin v27.4 - https:\/\/yoast.com\/product\/yoast-seo-wordpress\/ -->\n<title>NOBEL Pharma Schweiz AG | T\u00e9l\u00e9chargements<\/title>\n<meta name=\"robots\" content=\"index, follow, max-snippet:-1, max-image-preview:large, max-video-preview:-1\" \/>\n<link rel=\"canonical\" href=\"https:\/\/nobelpharma.ch\/downloads\/\" \/>\n<meta property=\"og:locale\" content=\"fr_FR\" \/>\n<meta property=\"og:type\" content=\"article\" \/>\n<meta property=\"og:title\" content=\"NOBEL Pharma Schweiz AG | T\u00e9l\u00e9chargements\" \/>\n<meta property=\"og:description\" content=\"T\u00e9l\u00e9chargements Swissmedic Betriebsbewilligung AGB Logo NOBEL Pharma Schweiz AG\" \/>\n<meta property=\"og:url\" content=\"https:\/\/nobelpharma.ch\/downloads\/\" \/>\n<meta property=\"og:site_name\" content=\"NOBEL Pharma Schweiz AG\" \/>\n<meta property=\"article:publisher\" content=\"https:\/\/www.facebook.com\/NOBEL-Pharma-Schweiz-AG-113326043777343\/\" \/>\n<meta property=\"article:modified_time\" content=\"2025-01-22T14:22:12+00:00\" \/>\n<meta property=\"og:image\" content=\"https:\/\/nobelpharma.ch\/wp-content\/uploads\/2020\/07\/nerven.png\" \/>\n\t<meta property=\"og:image:width\" content=\"800\" \/>\n\t<meta property=\"og:image:height\" content=\"600\" \/>\n\t<meta property=\"og:image:type\" content=\"image\/png\" \/>\n<meta name=\"twitter:card\" content=\"summary_large_image\" \/>\n<meta name=\"twitter:label1\" content=\"Dur\u00e9e de lecture estim\u00e9e\" \/>\n\t<meta name=\"twitter:data1\" content=\"1 minute\" \/>\n<script type=\"application\/ld+json\" class=\"yoast-schema-graph\">{\"@context\":\"https:\\\/\\\/schema.org\",\"@graph\":[{\"@type\":\"WebPage\",\"@id\":\"https:\\\/\\\/nobelpharma.ch\\\/downloads\\\/\",\"url\":\"https:\\\/\\\/nobelpharma.ch\\\/downloads\\\/\",\"name\":\"NOBEL Pharma Schweiz AG | T\u00e9l\u00e9chargements\",\"isPartOf\":{\"@id\":\"https:\\\/\\\/nobelpharma.ch\\\/#website\"},\"datePublished\":\"2020-06-25T07:02:04+00:00\",\"dateModified\":\"2025-01-22T14:22:12+00:00\",\"breadcrumb\":{\"@id\":\"https:\\\/\\\/nobelpharma.ch\\\/downloads\\\/#breadcrumb\"},\"inLanguage\":\"fr-FR\",\"potentialAction\":[{\"@type\":\"ReadAction\",\"target\":[\"https:\\\/\\\/nobelpharma.ch\\\/downloads\\\/\"]}]},{\"@type\":\"BreadcrumbList\",\"@id\":\"https:\\\/\\\/nobelpharma.ch\\\/downloads\\\/#breadcrumb\",\"itemListElement\":[{\"@type\":\"ListItem\",\"position\":1,\"name\":\"Home\",\"item\":\"https:\\\/\\\/nobelpharma.ch\\\/fr\\\/\"},{\"@type\":\"ListItem\",\"position\":2,\"name\":\"T\u00e9l\u00e9chargements\"}]},{\"@type\":\"WebSite\",\"@id\":\"https:\\\/\\\/nobelpharma.ch\\\/#website\",\"url\":\"https:\\\/\\\/nobelpharma.ch\\\/\",\"name\":\"NOBEL Pharma Schweiz AG\",\"description\":\"Dem Namen verpflichtet.\",\"publisher\":{\"@id\":\"https:\\\/\\\/nobelpharma.ch\\\/#organization\"},\"potentialAction\":[{\"@type\":\"SearchAction\",\"target\":{\"@type\":\"EntryPoint\",\"urlTemplate\":\"https:\\\/\\\/nobelpharma.ch\\\/?s={search_term_string}\"},\"query-input\":{\"@type\":\"PropertyValueSpecification\",\"valueRequired\":true,\"valueName\":\"search_term_string\"}}],\"inLanguage\":\"fr-FR\"},{\"@type\":\"Organization\",\"@id\":\"https:\\\/\\\/nobelpharma.ch\\\/#organization\",\"name\":\"NOBEL Pharma Schweiz AG\",\"url\":\"https:\\\/\\\/nobelpharma.ch\\\/\",\"logo\":{\"@type\":\"ImageObject\",\"inLanguage\":\"fr-FR\",\"@id\":\"https:\\\/\\\/nobelpharma.ch\\\/#\\\/schema\\\/logo\\\/image\\\/\",\"url\":\"https:\\\/\\\/nobelpharma.ch\\\/wp-content\\\/uploads\\\/2020\\\/06\\\/Logo-Nobel-Pharma-AG2.svg\",\"contentUrl\":\"https:\\\/\\\/nobelpharma.ch\\\/wp-content\\\/uploads\\\/2020\\\/06\\\/Logo-Nobel-Pharma-AG2.svg\",\"width\":123.2000000000000028421709430404007434844970703125,\"height\":140,\"caption\":\"NOBEL Pharma Schweiz AG\"},\"image\":{\"@id\":\"https:\\\/\\\/nobelpharma.ch\\\/#\\\/schema\\\/logo\\\/image\\\/\"},\"sameAs\":[\"https:\\\/\\\/www.facebook.com\\\/NOBEL-Pharma-Schweiz-AG-113326043777343\\\/\",\"https:\\\/\\\/www.instagram.com\\\/nobelpharmaschweizag\\\/\",\"https:\\\/\\\/www.youtube.com\\\/channel\\\/UCqkCphtCgww0AvmX0njHsUw\\\/?guided_help_flow=5\"]}]}<\/script>\n<!-- \/ Yoast SEO plugin. -->","yoast_head_json":{"title":"NOBEL Pharma Schweiz AG | T\u00e9l\u00e9chargements","robots":{"index":"index","follow":"follow","max-snippet":"max-snippet:-1","max-image-preview":"max-image-preview:large","max-video-preview":"max-video-preview:-1"},"canonical":"https:\/\/nobelpharma.ch\/downloads\/","og_locale":"fr_FR","og_type":"article","og_title":"NOBEL Pharma Schweiz AG | T\u00e9l\u00e9chargements","og_description":"T\u00e9l\u00e9chargements Swissmedic Betriebsbewilligung AGB Logo NOBEL Pharma Schweiz AG","og_url":"https:\/\/nobelpharma.ch\/downloads\/","og_site_name":"NOBEL Pharma Schweiz AG","article_publisher":"https:\/\/www.facebook.com\/NOBEL-Pharma-Schweiz-AG-113326043777343\/","article_modified_time":"2025-01-22T14:22:12+00:00","og_image":[{"width":800,"height":600,"url":"https:\/\/nobelpharma.ch\/wp-content\/uploads\/2020\/07\/nerven.png","type":"image\/png"}],"twitter_card":"summary_large_image","twitter_misc":{"Dur\u00e9e de lecture estim\u00e9e":"1 minute"},"schema":{"@context":"https:\/\/schema.org","@graph":[{"@type":"WebPage","@id":"https:\/\/nobelpharma.ch\/downloads\/","url":"https:\/\/nobelpharma.ch\/downloads\/","name":"NOBEL Pharma Schweiz AG | T\u00e9l\u00e9chargements","isPartOf":{"@id":"https:\/\/nobelpharma.ch\/#website"},"datePublished":"2020-06-25T07:02:04+00:00","dateModified":"2025-01-22T14:22:12+00:00","breadcrumb":{"@id":"https:\/\/nobelpharma.ch\/downloads\/#breadcrumb"},"inLanguage":"fr-FR","potentialAction":[{"@type":"ReadAction","target":["https:\/\/nobelpharma.ch\/downloads\/"]}]},{"@type":"BreadcrumbList","@id":"https:\/\/nobelpharma.ch\/downloads\/#breadcrumb","itemListElement":[{"@type":"ListItem","position":1,"name":"Home","item":"https:\/\/nobelpharma.ch\/fr\/"},{"@type":"ListItem","position":2,"name":"T\u00e9l\u00e9chargements"}]},{"@type":"WebSite","@id":"https:\/\/nobelpharma.ch\/#website","url":"https:\/\/nobelpharma.ch\/","name":"NOBEL Pharma Schweiz AG","description":"Dem Namen verpflichtet.","publisher":{"@id":"https:\/\/nobelpharma.ch\/#organization"},"potentialAction":[{"@type":"SearchAction","target":{"@type":"EntryPoint","urlTemplate":"https:\/\/nobelpharma.ch\/?s={search_term_string}"},"query-input":{"@type":"PropertyValueSpecification","valueRequired":true,"valueName":"search_term_string"}}],"inLanguage":"fr-FR"},{"@type":"Organization","@id":"https:\/\/nobelpharma.ch\/#organization","name":"NOBEL Pharma Schweiz AG","url":"https:\/\/nobelpharma.ch\/","logo":{"@type":"ImageObject","inLanguage":"fr-FR","@id":"https:\/\/nobelpharma.ch\/#\/schema\/logo\/image\/","url":"https:\/\/nobelpharma.ch\/wp-content\/uploads\/2020\/06\/Logo-Nobel-Pharma-AG2.svg","contentUrl":"https:\/\/nobelpharma.ch\/wp-content\/uploads\/2020\/06\/Logo-Nobel-Pharma-AG2.svg","width":123.2000000000000028421709430404007434844970703125,"height":140,"caption":"NOBEL Pharma Schweiz AG"},"image":{"@id":"https:\/\/nobelpharma.ch\/#\/schema\/logo\/image\/"},"sameAs":["https:\/\/www.facebook.com\/NOBEL-Pharma-Schweiz-AG-113326043777343\/","https:\/\/www.instagram.com\/nobelpharmaschweizag\/","https:\/\/www.youtube.com\/channel\/UCqkCphtCgww0AvmX0njHsUw\/?guided_help_flow=5"]}]}},"_links":{"self":[{"href":"https:\/\/nobelpharma.ch\/fr\/wp-json\/wp\/v2\/pages\/256235","targetHints":{"allow":["GET"]}}],"collection":[{"href":"https:\/\/nobelpharma.ch\/fr\/wp-json\/wp\/v2\/pages"}],"about":[{"href":"https:\/\/nobelpharma.ch\/fr\/wp-json\/wp\/v2\/types\/page"}],"author":[{"embeddable":true,"href":"https:\/\/nobelpharma.ch\/fr\/wp-json\/wp\/v2\/users\/1"}],"replies":[{"embeddable":true,"href":"https:\/\/nobelpharma.ch\/fr\/wp-json\/wp\/v2\/comments?post=256235"}],"version-history":[{"count":6,"href":"https:\/\/nobelpharma.ch\/fr\/wp-json\/wp\/v2\/pages\/256235\/revisions"}],"predecessor-version":[{"id":264869,"href":"https:\/\/nobelpharma.ch\/fr\/wp-json\/wp\/v2\/pages\/256235\/revisions\/264869"}],"wp:attachment":[{"href":"https:\/\/nobelpharma.ch\/fr\/wp-json\/wp\/v2\/media?parent=256235"}],"curies":[{"name":"wp","href":"https:\/\/api.w.org\/{rel}","templated":true}]}}