{"id":264653,"date":"2024-11-19T12:21:28","date_gmt":"2024-11-19T11:21:28","guid":{"rendered":"https:\/\/nobelpharma.ch\/?page_id=264653"},"modified":"2025-03-18T11:01:15","modified_gmt":"2025-03-18T10:01:15","slug":"comprimes-en-boites","status":"publish","type":"page","link":"https:\/\/nobelpharma.ch\/fr\/comprimes-en-boites\/","title":{"rendered":"comprim\u00e9s en bo\u00eetes"},"content":{"rendered":"\t\t<div data-elementor-type=\"wp-page\" data-elementor-id=\"264653\" class=\"elementor elementor-264653\" data-elementor-post-type=\"page\">\n\t\t\t\t<div class=\"elementor-element elementor-element-a300743 e-flex e-con-boxed e-con e-parent\" data-id=\"a300743\" data-element_type=\"container\" data-e-type=\"container\">\n\t\t\t\t\t<div class=\"e-con-inner\">\n\t\t<div class=\"elementor-element elementor-element-716eb05 e-con-full e-flex e-con e-child\" data-id=\"716eb05\" data-element_type=\"container\" data-e-type=\"container\" data-settings=\"{&quot;background_background&quot;:&quot;classic&quot;}\">\n\t\t\t\t<div class=\"elementor-element elementor-element-878d56a elementor-share-buttons--view-icon elementor-share-buttons--skin-minimal elementor-share-buttons--color-custom elementor-share-buttons--shape-circle elementor-grid-0 elementor-widget elementor-widget-share-buttons\" data-id=\"878d56a\" data-element_type=\"widget\" data-e-type=\"widget\" data-widget_type=\"share-buttons.default\">\n\t\t\t\t<div class=\"elementor-widget-container\">\n\t\t\t\t\t\t\t<div class=\"elementor-grid\" role=\"list\">\n\t\t\t\t\t\t\t\t<div class=\"elementor-grid-item\" role=\"listitem\">\n\t\t\t\t\t\t<div class=\"elementor-share-btn elementor-share-btn_email\" role=\"button\" tabindex=\"0\" aria-label=\"Partager sur email\">\n\t\t\t\t\t\t\t\t\t\t\t\t\t\t\t<span class=\"elementor-share-btn__icon\">\n\t\t\t\t\t\t\t\t<i class=\"fas fa-envelope\" aria-hidden=\"true\"><\/i>\t\t\t\t\t\t\t<\/span>\n\t\t\t\t\t\t\t\t\t\t\t\t\t\t\t\t\t\t\t\t<\/div>\n\t\t\t\t\t<\/div>\n\t\t\t\t\t\t\t\t\t<div class=\"elementor-grid-item\" role=\"listitem\">\n\t\t\t\t\t\t<div class=\"elementor-share-btn elementor-share-btn_whatsapp\" role=\"button\" tabindex=\"0\" aria-label=\"Partager sur whatsapp\">\n\t\t\t\t\t\t\t\t\t\t\t\t\t\t\t<span class=\"elementor-share-btn__icon\">\n\t\t\t\t\t\t\t\t<i class=\"fab fa-whatsapp\" aria-hidden=\"true\"><\/i>\t\t\t\t\t\t\t<\/span>\n\t\t\t\t\t\t\t\t\t\t\t\t\t\t\t\t\t\t\t\t<\/div>\n\t\t\t\t\t<\/div>\n\t\t\t\t\t\t\t\t\t<div class=\"elementor-grid-item\" role=\"listitem\">\n\t\t\t\t\t\t<div class=\"elementor-share-btn elementor-share-btn_facebook\" role=\"button\" tabindex=\"0\" aria-label=\"Partager sur facebook\">\n\t\t\t\t\t\t\t\t\t\t\t\t\t\t\t<span class=\"elementor-share-btn__icon\">\n\t\t\t\t\t\t\t\t<i class=\"fab fa-facebook\" aria-hidden=\"true\"><\/i>\t\t\t\t\t\t\t<\/span>\n\t\t\t\t\t\t\t\t\t\t\t\t\t\t\t\t\t\t\t\t<\/div>\n\t\t\t\t\t<\/div>\n\t\t\t\t\t\t<\/div>\n\t\t\t\t\t\t<\/div>\n\t\t\t\t<\/div>\n\t\t\t\t<div class=\"elementor-element elementor-element-6edcf93 elementor-widget-divider--view-line elementor-widget elementor-widget-divider\" data-id=\"6edcf93\" data-element_type=\"widget\" data-e-type=\"widget\" data-widget_type=\"divider.default\">\n\t\t\t\t<div class=\"elementor-widget-container\">\n\t\t\t\t\t\t\t<div class=\"elementor-divider\">\n\t\t\t<span class=\"elementor-divider-separator\">\n\t\t\t\t\t\t<\/span>\n\t\t<\/div>\n\t\t\t\t\t\t<\/div>\n\t\t\t\t<\/div>\n\t\t\t\t<div class=\"elementor-element elementor-element-4cad114 elementor-widget elementor-widget-heading\" data-id=\"4cad114\" data-element_type=\"widget\" data-e-type=\"widget\" data-widget_type=\"heading.default\">\n\t\t\t\t<div class=\"elementor-widget-container\">\n\t\t\t\t\t<h2 class=\"elementor-heading-title elementor-size-default\">Nouveau dans l'assortiment : <\/br>comprim\u00e9s en bo\u00eete<\/h2>\t\t\t\t<\/div>\n\t\t\t\t<\/div>\n\t\t\t\t<div class=\"elementor-element elementor-element-ef47a19 elementor-widget-divider--view-line elementor-widget elementor-widget-divider\" data-id=\"ef47a19\" data-element_type=\"widget\" data-e-type=\"widget\" data-widget_type=\"divider.default\">\n\t\t\t\t<div class=\"elementor-widget-container\">\n\t\t\t\t\t\t\t<div class=\"elementor-divider\">\n\t\t\t<span class=\"elementor-divider-separator\">\n\t\t\t\t\t\t<\/span>\n\t\t<\/div>\n\t\t\t\t\t\t<\/div>\n\t\t\t\t<\/div>\n\t\t\t\t<div class=\"elementor-element elementor-element-87cd404 elementor-icon-list--layout-traditional elementor-list-item-link-full_width elementor-widget elementor-widget-icon-list\" data-id=\"87cd404\" data-element_type=\"widget\" data-e-type=\"widget\" data-widget_type=\"icon-list.default\">\n\t\t\t\t<div class=\"elementor-widget-container\">\n\t\t\t\t\t\t\t<ul class=\"elementor-icon-list-items\">\n\t\t\t\t\t\t\t<li class=\"elementor-icon-list-item\">\n\t\t\t\t\t\t\t\t\t\t\t<a href=\"https:\/\/nobelpharma.ch\/fr\/produkt\/atorvastatine-nobel-10-mg\/\">\n\n\t\t\t\t\t\t\t\t\t\t\t\t<span class=\"elementor-icon-list-icon\">\n\t\t\t\t\t\t\t<i aria-hidden=\"true\" class=\"far fa-arrow-alt-circle-right\"><\/i>\t\t\t\t\t\t<\/span>\n\t\t\t\t\t\t\t\t\t\t<span class=\"elementor-icon-list-text\">Atorvastatine NOBEL 10 mg<\/span>\n\t\t\t\t\t\t\t\t\t\t\t<\/a>\n\t\t\t\t\t\t\t\t\t<\/li>\n\t\t\t\t\t\t\t\t<li class=\"elementor-icon-list-item\">\n\t\t\t\t\t\t\t\t\t\t\t<a href=\"https:\/\/nobelpharma.ch\/fr\/produkt\/atorvastatine-nobel-20-mg\/\">\n\n\t\t\t\t\t\t\t\t\t\t\t\t<span class=\"elementor-icon-list-icon\">\n\t\t\t\t\t\t\t<i aria-hidden=\"true\" class=\"far fa-arrow-alt-circle-right\"><\/i>\t\t\t\t\t\t<\/span>\n\t\t\t\t\t\t\t\t\t\t<span class=\"elementor-icon-list-text\">Atorvastatine NOBEL 20 mg<\/span>\n\t\t\t\t\t\t\t\t\t\t\t<\/a>\n\t\t\t\t\t\t\t\t\t<\/li>\n\t\t\t\t\t\t\t\t<li class=\"elementor-icon-list-item\">\n\t\t\t\t\t\t\t\t\t\t\t<a href=\"https:\/\/nobelpharma.ch\/fr\/produkt\/atorvastatine-nobel-40-mg\/\">\n\n\t\t\t\t\t\t\t\t\t\t\t\t<span class=\"elementor-icon-list-icon\">\n\t\t\t\t\t\t\t<i aria-hidden=\"true\" class=\"far fa-arrow-alt-circle-right\"><\/i>\t\t\t\t\t\t<\/span>\n\t\t\t\t\t\t\t\t\t\t<span class=\"elementor-icon-list-text\">Atorvastatine NOBEL 40 mg<\/span>\n\t\t\t\t\t\t\t\t\t\t\t<\/a>\n\t\t\t\t\t\t\t\t\t<\/li>\n\t\t\t\t\t\t\t\t<li class=\"elementor-icon-list-item\">\n\t\t\t\t\t\t\t\t\t\t\t<a href=\"https:\/\/nobelpharma.ch\/fr\/produkt\/atorvastatine-nobel-80-mg\/\">\n\n\t\t\t\t\t\t\t\t\t\t\t\t<span class=\"elementor-icon-list-icon\">\n\t\t\t\t\t\t\t<i aria-hidden=\"true\" class=\"far fa-arrow-alt-circle-right\"><\/i>\t\t\t\t\t\t<\/span>\n\t\t\t\t\t\t\t\t\t\t<span class=\"elementor-icon-list-text\">Atorvastatine NOBEL 80 mg<\/span>\n\t\t\t\t\t\t\t\t\t\t\t<\/a>\n\t\t\t\t\t\t\t\t\t<\/li>\n\t\t\t\t\t\t\t\t<li class=\"elementor-icon-list-item\">\n\t\t\t\t\t\t\t\t\t\t\t<a href=\"https:\/\/nobelpharma.ch\/fr\/produkt\/bisoprolol-nobel-02-5-mg\/\">\n\n\t\t\t\t\t\t\t\t\t\t\t\t<span class=\"elementor-icon-list-icon\">\n\t\t\t\t\t\t\t<i aria-hidden=\"true\" class=\"far fa-arrow-alt-circle-right\"><\/i>\t\t\t\t\t\t<\/span>\n\t\t\t\t\t\t\t\t\t\t<span class=\"elementor-icon-list-text\">Bisoprolol NOBEL 2.5 mg<\/span>\n\t\t\t\t\t\t\t\t\t\t\t<\/a>\n\t\t\t\t\t\t\t\t\t<\/li>\n\t\t\t\t\t\t\t\t<li class=\"elementor-icon-list-item\">\n\t\t\t\t\t\t\t\t\t\t\t<a href=\"https:\/\/nobelpharma.ch\/fr\/produkt\/bisoprolol-nobel-05-mg\/\">\n\n\t\t\t\t\t\t\t\t\t\t\t\t<span class=\"elementor-icon-list-icon\">\n\t\t\t\t\t\t\t<i aria-hidden=\"true\" class=\"far fa-arrow-alt-circle-right\"><\/i>\t\t\t\t\t\t<\/span>\n\t\t\t\t\t\t\t\t\t\t<span class=\"elementor-icon-list-text\">Bisoprolol NOBEL 5 mg<\/span>\n\t\t\t\t\t\t\t\t\t\t\t<\/a>\n\t\t\t\t\t\t\t\t\t<\/li>\n\t\t\t\t\t\t\t\t<li class=\"elementor-icon-list-item\">\n\t\t\t\t\t\t\t\t\t\t\t<a href=\"https:\/\/nobelpharma.ch\/fr\/produkt\/bisoprolol-nobel-10-mg\/\">\n\n\t\t\t\t\t\t\t\t\t\t\t\t<span class=\"elementor-icon-list-icon\">\n\t\t\t\t\t\t\t<i aria-hidden=\"true\" class=\"far fa-arrow-alt-circle-right\"><\/i>\t\t\t\t\t\t<\/span>\n\t\t\t\t\t\t\t\t\t\t<span class=\"elementor-icon-list-text\">Bisoprolol NOBEL 10 mg<\/span>\n\t\t\t\t\t\t\t\t\t\t\t<\/a>\n\t\t\t\t\t\t\t\t\t<\/li>\n\t\t\t\t\t\t\t\t<li class=\"elementor-icon-list-item\">\n\t\t\t\t\t\t\t\t\t\t\t<a href=\"https:\/\/nobelpharma.ch\/fr\/produkt\/duloxetine-nobel-030-mg\/\">\n\n\t\t\t\t\t\t\t\t\t\t\t\t<span class=\"elementor-icon-list-icon\">\n\t\t\t\t\t\t\t<i aria-hidden=\"true\" class=\"far fa-arrow-alt-circle-right\"><\/i>\t\t\t\t\t\t<\/span>\n\t\t\t\t\t\t\t\t\t\t<span class=\"elementor-icon-list-text\">Dulox\u00e9tine NOBEL 30 mg<\/span>\n\t\t\t\t\t\t\t\t\t\t\t<\/a>\n\t\t\t\t\t\t\t\t\t<\/li>\n\t\t\t\t\t\t\t\t<li class=\"elementor-icon-list-item\">\n\t\t\t\t\t\t\t\t\t\t\t<a href=\"https:\/\/nobelpharma.ch\/fr\/produkt\/duloxetine-nobel-060-mg\/\">\n\n\t\t\t\t\t\t\t\t\t\t\t\t<span class=\"elementor-icon-list-icon\">\n\t\t\t\t\t\t\t<i aria-hidden=\"true\" class=\"far fa-arrow-alt-circle-right\"><\/i>\t\t\t\t\t\t<\/span>\n\t\t\t\t\t\t\t\t\t\t<span class=\"elementor-icon-list-text\">Dulox\u00e9tine NOBEL 60 mg<\/span>\n\t\t\t\t\t\t\t\t\t\t\t<\/a>\n\t\t\t\t\t\t\t\t\t<\/li>\n\t\t\t\t\t\t\t\t<li class=\"elementor-icon-list-item\">\n\t\t\t\t\t\t\t\t\t\t\t<a href=\"https:\/\/nobelpharma.ch\/fr\/produkt\/escitalopram-nobel-010-mg\/\">\n\n\t\t\t\t\t\t\t\t\t\t\t\t<span class=\"elementor-icon-list-icon\">\n\t\t\t\t\t\t\t<i aria-hidden=\"true\" class=\"far fa-arrow-alt-circle-right\"><\/i>\t\t\t\t\t\t<\/span>\n\t\t\t\t\t\t\t\t\t\t<span class=\"elementor-icon-list-text\">Escitalopram NOBEL 10 mg<\/span>\n\t\t\t\t\t\t\t\t\t\t\t<\/a>\n\t\t\t\t\t\t\t\t\t<\/li>\n\t\t\t\t\t\t\t\t<li class=\"elementor-icon-list-item\">\n\t\t\t\t\t\t\t\t\t\t\t<a href=\"https:\/\/nobelpharma.ch\/fr\/produkt\/escitalopram-nobel-020-mg\/\">\n\n\t\t\t\t\t\t\t\t\t\t\t\t<span class=\"elementor-icon-list-icon\">\n\t\t\t\t\t\t\t<i aria-hidden=\"true\" class=\"far fa-arrow-alt-circle-right\"><\/i>\t\t\t\t\t\t<\/span>\n\t\t\t\t\t\t\t\t\t\t<span class=\"elementor-icon-list-text\">Escitalopram NOBEL 20 mg<\/span>\n\t\t\t\t\t\t\t\t\t\t\t<\/a>\n\t\t\t\t\t\t\t\t\t<\/li>\n\t\t\t\t\t\t\t\t<li class=\"elementor-icon-list-item\">\n\t\t\t\t\t\t\t\t\t\t\t<a href=\"https:\/\/nobelpharma.ch\/fr\/produkt\/pantoprazole-nobel-20-mg\/\">\n\n\t\t\t\t\t\t\t\t\t\t\t\t<span class=\"elementor-icon-list-icon\">\n\t\t\t\t\t\t\t<i aria-hidden=\"true\" class=\"far fa-arrow-alt-circle-right\"><\/i>\t\t\t\t\t\t<\/span>\n\t\t\t\t\t\t\t\t\t\t<span class=\"elementor-icon-list-text\">Pantoprazole NOBEL 20 mg<\/span>\n\t\t\t\t\t\t\t\t\t\t\t<\/a>\n\t\t\t\t\t\t\t\t\t<\/li>\n\t\t\t\t\t\t\t\t<li class=\"elementor-icon-list-item\">\n\t\t\t\t\t\t\t\t\t\t\t<a href=\"https:\/\/nobelpharma.ch\/fr\/produkt\/pantoprazole-nobel-40-mg\/\">\n\n\t\t\t\t\t\t\t\t\t\t\t\t<span class=\"elementor-icon-list-icon\">\n\t\t\t\t\t\t\t<i aria-hidden=\"true\" class=\"far fa-arrow-alt-circle-right\"><\/i>\t\t\t\t\t\t<\/span>\n\t\t\t\t\t\t\t\t\t\t<span class=\"elementor-icon-list-text\">Pantoprazole NOBEL 40 mg<\/span>\n\t\t\t\t\t\t\t\t\t\t\t<\/a>\n\t\t\t\t\t\t\t\t\t<\/li>\n\t\t\t\t\t\t\t\t<li class=\"elementor-icon-list-item\">\n\t\t\t\t\t\t\t\t\t\t\t<a href=\"https:\/\/nobelpharma.ch\/fr\/produkt\/rosuvastatine-nobel-05-mg\/\">\n\n\t\t\t\t\t\t\t\t\t\t\t\t<span class=\"elementor-icon-list-icon\">\n\t\t\t\t\t\t\t<i aria-hidden=\"true\" class=\"far fa-arrow-alt-circle-right\"><\/i>\t\t\t\t\t\t<\/span>\n\t\t\t\t\t\t\t\t\t\t<span class=\"elementor-icon-list-text\">Rosuvastatine NOBEL 5 mg<\/span>\n\t\t\t\t\t\t\t\t\t\t\t<\/a>\n\t\t\t\t\t\t\t\t\t<\/li>\n\t\t\t\t\t\t\t\t<li class=\"elementor-icon-list-item\">\n\t\t\t\t\t\t\t\t\t\t\t<a href=\"https:\/\/nobelpharma.ch\/fr\/produkt\/rosuvastatine-nobel-10-mg\/\">\n\n\t\t\t\t\t\t\t\t\t\t\t\t<span class=\"elementor-icon-list-icon\">\n\t\t\t\t\t\t\t<i aria-hidden=\"true\" class=\"far fa-arrow-alt-circle-right\"><\/i>\t\t\t\t\t\t<\/span>\n\t\t\t\t\t\t\t\t\t\t<span class=\"elementor-icon-list-text\">Rosuvastatine NOBEL 10 mg<\/span>\n\t\t\t\t\t\t\t\t\t\t\t<\/a>\n\t\t\t\t\t\t\t\t\t<\/li>\n\t\t\t\t\t\t\t\t<li class=\"elementor-icon-list-item\">\n\t\t\t\t\t\t\t\t\t\t\t<a href=\"https:\/\/nobelpharma.ch\/fr\/produkt\/rosuvastatine-nobel-20-mg\/\">\n\n\t\t\t\t\t\t\t\t\t\t\t\t<span class=\"elementor-icon-list-icon\">\n\t\t\t\t\t\t\t<i aria-hidden=\"true\" class=\"far fa-arrow-alt-circle-right\"><\/i>\t\t\t\t\t\t<\/span>\n\t\t\t\t\t\t\t\t\t\t<span class=\"elementor-icon-list-text\">Rosuvastatine NOBEL 20 mg<\/span>\n\t\t\t\t\t\t\t\t\t\t\t<\/a>\n\t\t\t\t\t\t\t\t\t<\/li>\n\t\t\t\t\t\t<\/ul>\n\t\t\t\t\t\t<\/div>\n\t\t\t\t<\/div>\n\t\t\t\t<\/div>\n\t\t\t\t\t<\/div>\n\t\t\t\t<\/div>\n\t\t\t\t<\/div>\n\t\t","protected":false},"excerpt":{"rendered":"<p>Nouveau dans l&rsquo;assortiment : comprim\u00e9s en bo\u00eete Atorvastatine NOBEL 10 mg Atorvastatine NOBEL 20 mg Atorvastatine NOBEL 40 mg Atorvastatine NOBEL 80 mg Bisoprolol NOBEL 2.5 mg Bisoprolol NOBEL 5 mg Bisoprolol NOBEL 10 mg Dulox\u00e9tine NOBEL 30 mg Dulox\u00e9tine NOBEL 60 mg Escitalopram NOBEL 10 mg Escitalopram NOBEL 20 mg Pantoprazole NOBEL 20 mg [&hellip;]<\/p>\n","protected":false},"author":1,"featured_media":0,"parent":0,"menu_order":0,"comment_status":"closed","ping_status":"closed","template":"","meta":{"footnotes":""},"class_list":["post-264653","page","type-page","status-publish","hentry"],"yoast_head":"<!-- This site is optimized with the Yoast SEO plugin v27.4 - https:\/\/yoast.com\/product\/yoast-seo-wordpress\/ -->\n<title>NOBEL Pharma Schweiz AG | comprim\u00e9s en bo\u00eetes<\/title>\n<meta name=\"robots\" content=\"index, follow, max-snippet:-1, max-image-preview:large, max-video-preview:-1\" \/>\n<link rel=\"canonical\" href=\"https:\/\/nobelpharma.ch\/fr\/comprimes-en-boites\/\" \/>\n<meta property=\"og:locale\" content=\"fr_FR\" \/>\n<meta property=\"og:type\" content=\"article\" \/>\n<meta property=\"og:title\" content=\"NOBEL Pharma Schweiz AG | comprim\u00e9s en bo\u00eetes\" \/>\n<meta property=\"og:description\" content=\"Nouveau dans l&rsquo;assortiment : comprim\u00e9s en bo\u00eete Atorvastatine NOBEL 10 mg Atorvastatine NOBEL 20 mg Atorvastatine NOBEL 40 mg Atorvastatine NOBEL 80 mg Bisoprolol NOBEL 2.5 mg Bisoprolol NOBEL 5 mg Bisoprolol NOBEL 10 mg Dulox\u00e9tine NOBEL 30 mg Dulox\u00e9tine NOBEL 60 mg Escitalopram NOBEL 10 mg Escitalopram NOBEL 20 mg Pantoprazole NOBEL 20 mg [&hellip;]\" \/>\n<meta property=\"og:url\" content=\"https:\/\/nobelpharma.ch\/fr\/comprimes-en-boites\/\" \/>\n<meta property=\"og:site_name\" content=\"NOBEL Pharma Schweiz AG\" \/>\n<meta property=\"article:publisher\" content=\"https:\/\/www.facebook.com\/NOBEL-Pharma-Schweiz-AG-113326043777343\/\" \/>\n<meta property=\"article:modified_time\" content=\"2025-03-18T10:01:15+00:00\" \/>\n<meta property=\"og:image\" content=\"https:\/\/nobelpharma.ch\/wp-content\/uploads\/2020\/07\/nerven.png\" \/>\n\t<meta property=\"og:image:width\" content=\"800\" \/>\n\t<meta property=\"og:image:height\" content=\"600\" \/>\n\t<meta property=\"og:image:type\" content=\"image\/png\" \/>\n<meta name=\"twitter:card\" content=\"summary_large_image\" \/>\n<meta name=\"twitter:label1\" content=\"Dur\u00e9e de lecture estim\u00e9e\" \/>\n\t<meta name=\"twitter:data1\" content=\"1 minute\" \/>\n<script type=\"application\/ld+json\" class=\"yoast-schema-graph\">{\"@context\":\"https:\\\/\\\/schema.org\",\"@graph\":[{\"@type\":\"WebPage\",\"@id\":\"https:\\\/\\\/nobelpharma.ch\\\/fr\\\/comprimes-en-boites\\\/\",\"url\":\"https:\\\/\\\/nobelpharma.ch\\\/fr\\\/comprimes-en-boites\\\/\",\"name\":\"NOBEL Pharma Schweiz AG | comprim\u00e9s en bo\u00eetes\",\"isPartOf\":{\"@id\":\"https:\\\/\\\/nobelpharma.ch\\\/#website\"},\"datePublished\":\"2024-11-19T11:21:28+00:00\",\"dateModified\":\"2025-03-18T10:01:15+00:00\",\"breadcrumb\":{\"@id\":\"https:\\\/\\\/nobelpharma.ch\\\/fr\\\/comprimes-en-boites\\\/#breadcrumb\"},\"inLanguage\":\"fr-FR\",\"potentialAction\":[{\"@type\":\"ReadAction\",\"target\":[\"https:\\\/\\\/nobelpharma.ch\\\/fr\\\/comprimes-en-boites\\\/\"]}]},{\"@type\":\"BreadcrumbList\",\"@id\":\"https:\\\/\\\/nobelpharma.ch\\\/fr\\\/comprimes-en-boites\\\/#breadcrumb\",\"itemListElement\":[{\"@type\":\"ListItem\",\"position\":1,\"name\":\"Home\",\"item\":\"https:\\\/\\\/nobelpharma.ch\\\/fr\\\/\"},{\"@type\":\"ListItem\",\"position\":2,\"name\":\"comprim\u00e9s en bo\u00eetes\"}]},{\"@type\":\"WebSite\",\"@id\":\"https:\\\/\\\/nobelpharma.ch\\\/#website\",\"url\":\"https:\\\/\\\/nobelpharma.ch\\\/\",\"name\":\"NOBEL Pharma Schweiz AG\",\"description\":\"Dem Namen verpflichtet.\",\"publisher\":{\"@id\":\"https:\\\/\\\/nobelpharma.ch\\\/#organization\"},\"potentialAction\":[{\"@type\":\"SearchAction\",\"target\":{\"@type\":\"EntryPoint\",\"urlTemplate\":\"https:\\\/\\\/nobelpharma.ch\\\/?s={search_term_string}\"},\"query-input\":{\"@type\":\"PropertyValueSpecification\",\"valueRequired\":true,\"valueName\":\"search_term_string\"}}],\"inLanguage\":\"fr-FR\"},{\"@type\":\"Organization\",\"@id\":\"https:\\\/\\\/nobelpharma.ch\\\/#organization\",\"name\":\"NOBEL Pharma Schweiz AG\",\"url\":\"https:\\\/\\\/nobelpharma.ch\\\/\",\"logo\":{\"@type\":\"ImageObject\",\"inLanguage\":\"fr-FR\",\"@id\":\"https:\\\/\\\/nobelpharma.ch\\\/#\\\/schema\\\/logo\\\/image\\\/\",\"url\":\"https:\\\/\\\/nobelpharma.ch\\\/wp-content\\\/uploads\\\/2020\\\/06\\\/Logo-Nobel-Pharma-AG2.svg\",\"contentUrl\":\"https:\\\/\\\/nobelpharma.ch\\\/wp-content\\\/uploads\\\/2020\\\/06\\\/Logo-Nobel-Pharma-AG2.svg\",\"width\":123.2000000000000028421709430404007434844970703125,\"height\":140,\"caption\":\"NOBEL Pharma Schweiz AG\"},\"image\":{\"@id\":\"https:\\\/\\\/nobelpharma.ch\\\/#\\\/schema\\\/logo\\\/image\\\/\"},\"sameAs\":[\"https:\\\/\\\/www.facebook.com\\\/NOBEL-Pharma-Schweiz-AG-113326043777343\\\/\",\"https:\\\/\\\/www.instagram.com\\\/nobelpharmaschweizag\\\/\",\"https:\\\/\\\/www.youtube.com\\\/channel\\\/UCqkCphtCgww0AvmX0njHsUw\\\/?guided_help_flow=5\"]}]}<\/script>\n<!-- \/ Yoast SEO plugin. -->","yoast_head_json":{"title":"NOBEL Pharma Schweiz AG | comprim\u00e9s en bo\u00eetes","robots":{"index":"index","follow":"follow","max-snippet":"max-snippet:-1","max-image-preview":"max-image-preview:large","max-video-preview":"max-video-preview:-1"},"canonical":"https:\/\/nobelpharma.ch\/fr\/comprimes-en-boites\/","og_locale":"fr_FR","og_type":"article","og_title":"NOBEL Pharma Schweiz AG | comprim\u00e9s en bo\u00eetes","og_description":"Nouveau dans l&rsquo;assortiment : comprim\u00e9s en bo\u00eete Atorvastatine NOBEL 10 mg Atorvastatine NOBEL 20 mg Atorvastatine NOBEL 40 mg Atorvastatine NOBEL 80 mg Bisoprolol NOBEL 2.5 mg Bisoprolol NOBEL 5 mg Bisoprolol NOBEL 10 mg Dulox\u00e9tine NOBEL 30 mg Dulox\u00e9tine NOBEL 60 mg Escitalopram NOBEL 10 mg Escitalopram NOBEL 20 mg Pantoprazole NOBEL 20 mg [&hellip;]","og_url":"https:\/\/nobelpharma.ch\/fr\/comprimes-en-boites\/","og_site_name":"NOBEL Pharma Schweiz AG","article_publisher":"https:\/\/www.facebook.com\/NOBEL-Pharma-Schweiz-AG-113326043777343\/","article_modified_time":"2025-03-18T10:01:15+00:00","og_image":[{"width":800,"height":600,"url":"https:\/\/nobelpharma.ch\/wp-content\/uploads\/2020\/07\/nerven.png","type":"image\/png"}],"twitter_card":"summary_large_image","twitter_misc":{"Dur\u00e9e de lecture estim\u00e9e":"1 minute"},"schema":{"@context":"https:\/\/schema.org","@graph":[{"@type":"WebPage","@id":"https:\/\/nobelpharma.ch\/fr\/comprimes-en-boites\/","url":"https:\/\/nobelpharma.ch\/fr\/comprimes-en-boites\/","name":"NOBEL Pharma Schweiz AG | comprim\u00e9s en bo\u00eetes","isPartOf":{"@id":"https:\/\/nobelpharma.ch\/#website"},"datePublished":"2024-11-19T11:21:28+00:00","dateModified":"2025-03-18T10:01:15+00:00","breadcrumb":{"@id":"https:\/\/nobelpharma.ch\/fr\/comprimes-en-boites\/#breadcrumb"},"inLanguage":"fr-FR","potentialAction":[{"@type":"ReadAction","target":["https:\/\/nobelpharma.ch\/fr\/comprimes-en-boites\/"]}]},{"@type":"BreadcrumbList","@id":"https:\/\/nobelpharma.ch\/fr\/comprimes-en-boites\/#breadcrumb","itemListElement":[{"@type":"ListItem","position":1,"name":"Home","item":"https:\/\/nobelpharma.ch\/fr\/"},{"@type":"ListItem","position":2,"name":"comprim\u00e9s en bo\u00eetes"}]},{"@type":"WebSite","@id":"https:\/\/nobelpharma.ch\/#website","url":"https:\/\/nobelpharma.ch\/","name":"NOBEL Pharma Schweiz AG","description":"Dem Namen verpflichtet.","publisher":{"@id":"https:\/\/nobelpharma.ch\/#organization"},"potentialAction":[{"@type":"SearchAction","target":{"@type":"EntryPoint","urlTemplate":"https:\/\/nobelpharma.ch\/?s={search_term_string}"},"query-input":{"@type":"PropertyValueSpecification","valueRequired":true,"valueName":"search_term_string"}}],"inLanguage":"fr-FR"},{"@type":"Organization","@id":"https:\/\/nobelpharma.ch\/#organization","name":"NOBEL Pharma Schweiz AG","url":"https:\/\/nobelpharma.ch\/","logo":{"@type":"ImageObject","inLanguage":"fr-FR","@id":"https:\/\/nobelpharma.ch\/#\/schema\/logo\/image\/","url":"https:\/\/nobelpharma.ch\/wp-content\/uploads\/2020\/06\/Logo-Nobel-Pharma-AG2.svg","contentUrl":"https:\/\/nobelpharma.ch\/wp-content\/uploads\/2020\/06\/Logo-Nobel-Pharma-AG2.svg","width":123.2000000000000028421709430404007434844970703125,"height":140,"caption":"NOBEL Pharma Schweiz AG"},"image":{"@id":"https:\/\/nobelpharma.ch\/#\/schema\/logo\/image\/"},"sameAs":["https:\/\/www.facebook.com\/NOBEL-Pharma-Schweiz-AG-113326043777343\/","https:\/\/www.instagram.com\/nobelpharmaschweizag\/","https:\/\/www.youtube.com\/channel\/UCqkCphtCgww0AvmX0njHsUw\/?guided_help_flow=5"]}]}},"_links":{"self":[{"href":"https:\/\/nobelpharma.ch\/fr\/wp-json\/wp\/v2\/pages\/264653","targetHints":{"allow":["GET"]}}],"collection":[{"href":"https:\/\/nobelpharma.ch\/fr\/wp-json\/wp\/v2\/pages"}],"about":[{"href":"https:\/\/nobelpharma.ch\/fr\/wp-json\/wp\/v2\/types\/page"}],"author":[{"embeddable":true,"href":"https:\/\/nobelpharma.ch\/fr\/wp-json\/wp\/v2\/users\/1"}],"replies":[{"embeddable":true,"href":"https:\/\/nobelpharma.ch\/fr\/wp-json\/wp\/v2\/comments?post=264653"}],"version-history":[{"count":10,"href":"https:\/\/nobelpharma.ch\/fr\/wp-json\/wp\/v2\/pages\/264653\/revisions"}],"predecessor-version":[{"id":264951,"href":"https:\/\/nobelpharma.ch\/fr\/wp-json\/wp\/v2\/pages\/264653\/revisions\/264951"}],"wp:attachment":[{"href":"https:\/\/nobelpharma.ch\/fr\/wp-json\/wp\/v2\/media?parent=264653"}],"curies":[{"name":"wp","href":"https:\/\/api.w.org\/{rel}","templated":true}]}}